{"id":33,"date":"2021-11-22T14:04:40","date_gmt":"2021-11-22T13:04:40","guid":{"rendered":"https:\/\/alfacar.limea.cz\/?page_id=33"},"modified":"2022-03-04T11:38:33","modified_gmt":"2022-03-04T10:38:33","slug":"rezim-udrzby","status":"publish","type":"page","link":"https:\/\/www.alfavaria.cz\/vestavby\/rezim-udrzby\/","title":{"rendered":"Re\u017eim \u00fadr\u017eby"},"content":{"rendered":"<section class=\"l-section wpb_row us_custom_057801f8 height_auto full_height valign_center\"><div class=\"l-section-h i-cf\"><div class=\"g-cols vc_row via_flex valign_middle type_default stacking_default\"><div class=\"vc_col-sm-6 vc_col-lg-offset-3 wpb_column vc_column_container\"><div class=\"vc_column-inner\"><div class=\"wpb_wrapper\"><div class=\"w-image us_custom_42ebab94 align_center\"><div class=\"w-image-h\"><img decoding=\"async\" width=\"200\" height=\"200\" src=\"https:\/\/www.alfavaria.cz\/vestavby\/wp-content\/uploads\/2021\/11\/Navahocar1.svg\" class=\"attachment-full size-full\" alt=\"\" loading=\"lazy\" \/><\/div><\/div><div class=\"w-separator size_small\"><\/div><div class=\"w-login us-field-style_1 us_custom_67fb3899\"><form class=\"w-form for_login layout_ver\" action=\"https:\/\/www.alfavaria.cz\/vestavby\/wp-login.php\" method=\"post\"><div class=\"w-form-h\"><div class=\"w-form-row for_text required\">\r\n\t\t<div class=\"w-form-row-field\">\r\n\t\t\t\t\t\t<input aria-label=\"U\u017eivatelsk\u00e9 jm\u00e9no nebo e-mail\" type=\"text\" name=\"username\" value placeholder=\"U\u017eivatelsk\u00e9 jm\u00e9no nebo e-mail *\" data-required=\"true\" aria-required=\"true\"\/>\r\n\t\t\t<\/div>\r\n\t\t<div class=\"w-form-row-state\">Pros\u00edm, vypl\u0148te toto pole.<\/div>\r\n<\/div>\r\n<div class=\"w-form-row for_password required\">\r\n\t\t<div class=\"w-form-row-field\">\r\n\t\t\t\t\t\t<input aria-label=\"Heslo\" type=\"password\" name=\"password\" value placeholder=\"Heslo *\" data-required=\"true\" aria-required=\"true\"\/>\r\n\t\t\t<\/div>\r\n\t\t<div class=\"w-form-row-state\">Pros\u00edm, vypl\u0148te toto pole.<\/div>\r\n<\/div>\r\n<div class=\"w-form-row for_submit\">\r\n\t<button class=\"w-btn us-btn-style_1\" aria-label=\"P\u0159ihl\u00e1sit se\" type=\"submit\">\r\n\t\t<span class=\"g-preloader type_1\"><\/span>\r\n\t\t\t\t<span class=\"w-btn-label\">P\u0159ihl\u00e1sit se<\/span>\r\n\t\t\t<\/button>\r\n\t<\/div>\r\n<input type=\"hidden\" name value=\"forever\" \/>\r\n<input type=\"hidden\" id=\"us_login_nonce\" name=\"us_login_nonce\" value=\"327850d6ef\" \/><input type=\"hidden\" name=\"_wp_http_referer\" value=\"\/vestavby\/wp-json\/wp\/v2\/pages\/33\" \/><input type=\"hidden\" name=\"action\" value=\"us_ajax_login\" \/>\r\n<input type=\"hidden\" name=\"redirect_to\" value=\"\/\" \/>\r\n<\/div><div class=\"w-form-message\"><\/div><div class=\"w-form-json hidden\" onclick='return {&quot;login_redirect&quot;:&quot;\\\/&quot;,&quot;logout_redirect&quot;:&quot;\\\/&quot;,&quot;use_ajax&quot;:false,&quot;ajaxurl&quot;:&quot;https:\\\/\\\/www.alfavaria.cz\\\/vestavby\\\/wp-admin\\\/admin-ajax.php&quot;,&quot;messages&quot;:{&quot;err_empty&quot;:&quot;Pros\\u00edm, vypl\\u0148te toto pole.&quot;,&quot;err_size&quot;:&quot;Velikost souboru nesm\\u00ed p\\u0159ekro\\u010dit %s MB&quot;,&quot;err_extension&quot;:&quot;Form\\u00e1t %s nen\\u00ed povolen&quot;,&quot;err_recaptcha_keys&quot;:&quot;reCAPTCHA kl\\u00ed\\u010de nejsou spr\\u00e1vn\\u00e9&quot;}}'><\/div><\/form><\/div><\/div><\/div><\/div><\/div><\/div><\/section>\n","protected":false},"excerpt":{"rendered":"Pros\u00edm, vypl\u0148te toto pole. Pros\u00edm, vypl\u0148te toto pole. P\u0159ihl\u00e1sit se","protected":false},"author":4,"featured_media":0,"parent":0,"menu_order":3,"comment_status":"closed","ping_status":"closed","template":"","meta":{"_acf_changed":false,"footnotes":""},"class_list":["post-33","page","type-page","status-publish","hentry"],"acf":[],"_links":{"self":[{"href":"https:\/\/www.alfavaria.cz\/vestavby\/wp-json\/wp\/v2\/pages\/33","targetHints":{"allow":["GET"]}}],"collection":[{"href":"https:\/\/www.alfavaria.cz\/vestavby\/wp-json\/wp\/v2\/pages"}],"about":[{"href":"https:\/\/www.alfavaria.cz\/vestavby\/wp-json\/wp\/v2\/types\/page"}],"author":[{"embeddable":true,"href":"https:\/\/www.alfavaria.cz\/vestavby\/wp-json\/wp\/v2\/users\/4"}],"replies":[{"embeddable":true,"href":"https:\/\/www.alfavaria.cz\/vestavby\/wp-json\/wp\/v2\/comments?post=33"}],"version-history":[{"count":0,"href":"https:\/\/www.alfavaria.cz\/vestavby\/wp-json\/wp\/v2\/pages\/33\/revisions"}],"wp:attachment":[{"href":"https:\/\/www.alfavaria.cz\/vestavby\/wp-json\/wp\/v2\/media?parent=33"}],"curies":[{"name":"wp","href":"https:\/\/api.w.org\/{rel}","templated":true}]}}