{"id":29,"date":"2021-11-22T14:04:15","date_gmt":"2021-11-22T13:04:15","guid":{"rendered":"https:\/\/alfacar.limea.cz\/?page_id=29"},"modified":"2022-03-04T11:37:40","modified_gmt":"2022-03-04T10:37:40","slug":"mapa-webu","status":"publish","type":"page","link":"https:\/\/www.alfavaria.cz\/vestavby\/mapa-webu\/","title":{"rendered":"Mapa webu"},"content":{"rendered":"<section class=\"l-section wpb_row us_custom_751fd8af height_auto color_alternate\"><div class=\"l-section-h i-cf\"><div class=\"g-cols vc_row via_flex valign_top type_default stacking_default\"><div class=\"vc_col-sm-12 wpb_column vc_column_container\"><div class=\"vc_column-inner\"><div class=\"wpb_wrapper\"><section class=\"l-section wpb_row height_auto width_full\"><div class=\"l-section-h i-cf\"><div class=\"g-cols vc_row via_flex valign_top type_default stacking_default\"><div class=\"vc_col-sm-12 wpb_column vc_column_container\"><div class=\"vc_column-inner\"><div class=\"wpb_wrapper\"><div class=\"w-separator size_custom\" style=\"height:0.75rem\"><\/div><nav class=\"g-breadcrumbs us_custom_6c035179 has_text_color separator_icon align_left\" itemscope itemtype=\"http:\/\/schema.org\/BreadcrumbList\"><div class=\"g-breadcrumbs-item\" itemscope itemprop=\"itemListElement\" itemtype=\"http:\/\/schema.org\/ListItem\"><a itemprop=\"item\" href=\"https:\/\/www.alfavaria.cz\/vestavby\/\"><span itemprop=\"name\">Hlavn\u00ed str\u00e1nka<\/span><\/a><meta itemprop=\"position\" content=\"1\"\/><\/div><div class=\"g-breadcrumbs-separator\"><i class=\"far fa-angle-right\"><\/i><\/div><div class=\"g-breadcrumbs-item\">Str\u00e1nky<\/div><\/nav><div class=\"w-separator size_medium\"><\/div><\/div><\/div><\/div><\/div><\/div><\/section>\n<div class=\"wpb_text_column us_custom_b2644e7f\"><div class=\"wpb_wrapper\"><h1>Mapa webu<\/h1>\n<p>Ztratili jste se u n\u00e1s? Pod\u00edvejte se na na\u0161\u00ed mapu webu.<\/p>\n<\/div><\/div><div class=\"w-separator size_large\"><\/div><\/div><\/div><\/div><\/div><\/div><\/section><section class=\"l-section wpb_row height_auto\"><div class=\"l-section-h i-cf\"><div class=\"g-cols vc_row via_flex valign_top type_default stacking_default\"><div class=\"vc_col-sm-12 wpb_column vc_column_container\"><div class=\"vc_column-inner\"><div class=\"wpb_wrapper\"><div class=\"w-separator size_custom\" style=\"height:3rem\"><\/div><nav class=\"w-menu us_custom_6ba57256 mapawebu layout_ver style_links us_menu_1 with_children\" style=\"--main-gap:1.5rem;--main-ver-indent:0.8em;--main-hor-indent:0.8em;--main-color:inherit;\"><ul id=\"menu-mapa-webu\" class=\"menu\"><li id=\"menu-item-1569\" class=\"menu-item menu-item-type-post_type menu-item-object-page menu-item-home menu-item-has-children menu-item-1569\"><a href=\"https:\/\/www.alfavaria.cz\/vestavby\/\">Navahocar<\/a><ul class=\"sub-menu\"><li id=\"menu-item-1575\" class=\"menu-item menu-item-type-post_type menu-item-object-page menu-item-1575\"><a href=\"https:\/\/www.alfavaria.cz\/vestavby\/vestavby-do-aut-na-miru\/\">Vestavby do aut na\u00a0m\u00edru<\/a><\/li><li id=\"menu-item-1571\" class=\"menu-item menu-item-type-post_type menu-item-object-page menu-item-1571\"><a href=\"https:\/\/www.alfavaria.cz\/vestavby\/pojizdne-dilny\/\">Poj\u00edzdn\u00e9 d\u00edlny<\/a><\/li><li id=\"menu-item-1572\" class=\"menu-item menu-item-type-post_type menu-item-object-page menu-item-1572\"><a href=\"https:\/\/www.alfavaria.cz\/vestavby\/vysuvna-plata\/\">V\u00fdsuvn\u00e1 plata<\/a><\/li><li id=\"menu-item-1576\" class=\"menu-item menu-item-type-post_type menu-item-object-page menu-item-has-children menu-item-1576\"><a href=\"https:\/\/www.alfavaria.cz\/vestavby\/vysuvne-boxy\/\">V\u00fdsuvn\u00e9 boxy pro pickupy a dod\u00e1vky<\/a><ul class=\"sub-menu\"><li id=\"menu-item-1577\" class=\"menu-item menu-item-type-post_type menu-item-object-page menu-item-1577\"><a href=\"https:\/\/www.alfavaria.cz\/vestavby\/vysuvne-boxy\/prislusenstvi-k-vysuvnym-boxum\/\">P\u0159\u00edslu\u0161enstv\u00ed k v\u00fdsuvn\u00fdm box\u016fm<\/a><\/li><\/ul><\/li><\/ul><\/li><li id=\"menu-item-1604\" class=\"menu-item menu-item-type-post_type menu-item-object-page menu-item-1604\"><a href=\"https:\/\/www.alfavaria.cz\/vestavby\/realizace\/\">Realizace<\/a><\/li><li id=\"menu-item-3500\" class=\"menu-item menu-item-type-post_type menu-item-object-page menu-item-3500\"><a href=\"https:\/\/www.alfavaria.cz\/vestavby\/clanky\/\">\u010cl\u00e1nky<\/a><\/li><li id=\"menu-item-1573\" class=\"menu-item menu-item-type-post_type menu-item-object-page menu-item-1573\"><a href=\"https:\/\/www.alfavaria.cz\/vestavby\/kontakty\/\">Kontakty<\/a><\/li><li id=\"menu-item-1574\" class=\"menu-item menu-item-type-post_type menu-item-object-page menu-item-1574\"><a href=\"https:\/\/www.alfavaria.cz\/vestavby\/o-nas\/\">O n\u00e1s<\/a><\/li><li id=\"menu-item-1580\" class=\"menu-item menu-item-type-post_type menu-item-object-page menu-item-1580\"><a href=\"https:\/\/www.alfavaria.cz\/vestavby\/cookies\/\">Cookies<\/a><\/li><li id=\"menu-item-1570\" class=\"menu-item menu-item-type-post_type menu-item-object-page menu-item-privacy-policy menu-item-1570\"><a rel=\"privacy-policy\" href=\"https:\/\/www.alfavaria.cz\/vestavby\/gdpr\/\">GDPR<\/a><\/li><li id=\"menu-item-1582\" class=\"menu-item menu-item-type-post_type menu-item-object-page menu-item-1582\"><a href=\"https:\/\/www.alfavaria.cz\/vestavby\/podminky-pouziti\/\">Podm\u00ednky pou\u017eit\u00ed<\/a><\/li><\/ul><style>@media ( max-width:600px ){.us_menu_1 .menu{display:block!important}.us_menu_1 .menu>li{margin:0 0 var(--main-gap,1.5rem)!important}}<\/style><\/nav><div class=\"w-separator size_custom\" style=\"height:3rem\"><\/div><\/div><\/div><\/div><\/div><\/div><\/section>\n","protected":false},"excerpt":{"rendered":"Hlavn\u00ed str\u00e1nkaStr\u00e1nky Mapa webu Ztratili jste se u n\u00e1s? Pod\u00edvejte se na na\u0161\u00ed mapu webu. NavahocarVestavby do aut na\u00a0m\u00edruPoj\u00edzdn\u00e9 d\u00edlnyV\u00fdsuvn\u00e1 plataV\u00fdsuvn\u00e9 boxy pro pickupy a dod\u00e1vkyP\u0159\u00edslu\u0161enstv\u00ed k v\u00fdsuvn\u00fdm box\u016fmRealizace\u010cl\u00e1nkyKontaktyO n\u00e1sCookiesGDPRPodm\u00ednky pou\u017eit\u00ed","protected":false},"author":4,"featured_media":0,"parent":0,"menu_order":2,"comment_status":"closed","ping_status":"closed","template":"","meta":{"_acf_changed":false,"footnotes":""},"class_list":["post-29","page","type-page","status-publish","hentry"],"acf":[],"_links":{"self":[{"href":"https:\/\/www.alfavaria.cz\/vestavby\/wp-json\/wp\/v2\/pages\/29","targetHints":{"allow":["GET"]}}],"collection":[{"href":"https:\/\/www.alfavaria.cz\/vestavby\/wp-json\/wp\/v2\/pages"}],"about":[{"href":"https:\/\/www.alfavaria.cz\/vestavby\/wp-json\/wp\/v2\/types\/page"}],"author":[{"embeddable":true,"href":"https:\/\/www.alfavaria.cz\/vestavby\/wp-json\/wp\/v2\/users\/4"}],"replies":[{"embeddable":true,"href":"https:\/\/www.alfavaria.cz\/vestavby\/wp-json\/wp\/v2\/comments?post=29"}],"version-history":[{"count":0,"href":"https:\/\/www.alfavaria.cz\/vestavby\/wp-json\/wp\/v2\/pages\/29\/revisions"}],"wp:attachment":[{"href":"https:\/\/www.alfavaria.cz\/vestavby\/wp-json\/wp\/v2\/media?parent=29"}],"curies":[{"name":"wp","href":"https:\/\/api.w.org\/{rel}","templated":true}]}}