{"id":27,"date":"2021-11-22T14:04:03","date_gmt":"2021-11-22T13:04:03","guid":{"rendered":"https:\/\/alfacar.limea.cz\/?page_id=27"},"modified":"2022-03-04T11:38:11","modified_gmt":"2022-03-04T10:38:11","slug":"podminky-pouziti","status":"publish","type":"page","link":"https:\/\/www.alfavaria.cz\/vestavby\/podminky-pouziti\/","title":{"rendered":"Podm\u00ednky pou\u017eit\u00ed"},"content":{"rendered":"<section class=\"l-section wpb_row us_custom_751fd8af height_auto color_alternate\"><div class=\"l-section-h i-cf\"><div class=\"g-cols vc_row via_flex valign_top type_default stacking_default\"><div class=\"vc_col-sm-12 wpb_column vc_column_container\"><div class=\"vc_column-inner\"><div class=\"wpb_wrapper\"><section class=\"l-section wpb_row height_auto width_full\"><div class=\"l-section-h i-cf\"><div class=\"g-cols vc_row via_flex valign_top type_default stacking_default\"><div class=\"vc_col-sm-12 wpb_column vc_column_container\"><div class=\"vc_column-inner\"><div class=\"wpb_wrapper\"><div class=\"w-separator size_custom\" style=\"height:0.75rem\"><\/div><nav class=\"g-breadcrumbs us_custom_6c035179 has_text_color separator_icon align_left\" itemscope itemtype=\"http:\/\/schema.org\/BreadcrumbList\"><div class=\"g-breadcrumbs-item\" itemscope itemprop=\"itemListElement\" itemtype=\"http:\/\/schema.org\/ListItem\"><a itemprop=\"item\" href=\"https:\/\/www.alfavaria.cz\/vestavby\/\"><span itemprop=\"name\">Hlavn\u00ed str\u00e1nka<\/span><\/a><meta itemprop=\"position\" content=\"1\"\/><\/div><div class=\"g-breadcrumbs-separator\"><i class=\"far fa-angle-right\"><\/i><\/div><div class=\"g-breadcrumbs-item\">Str\u00e1nky<\/div><\/nav><div class=\"w-separator size_medium\"><\/div><\/div><\/div><\/div><\/div><\/div><\/section>\n<div class=\"wpb_text_column us_custom_b48a3196\"><div class=\"wpb_wrapper\"><h1>Podm\u00ednky pou\u017e\u00edv\u00e1n\u00ed<\/h1>\n<p>Kdo je vlastn\u00edkem str\u00e1nky? Kdo ji vytvo\u0159il a co se m\u016f\u017ee a nem\u016f\u017ee.<\/p>\n<\/div><\/div><div class=\"w-separator size_large\"><\/div><\/div><\/div><\/div><\/div><\/div><\/section><section class=\"l-section wpb_row thin height_auto\"><div class=\"l-section-h i-cf\"><div class=\"g-cols vc_row via_flex valign_top type_default stacking_default\"><div class=\"vc_col-sm-12 wpb_column vc_column_container\"><div class=\"vc_column-inner\"><div class=\"wpb_wrapper\"><div class=\"w-separator size_large\"><\/div><div class=\"wpb_text_column\"><div class=\"wpb_wrapper\"><p>Tato webov\u00e1 str\u00e1nka je autorsk\u00e9 d\u00edlo chr\u00e1n\u011bn\u00e9 z\u00e1konem a lze je u\u017e\u00edt pouze v souladu se z\u00e1konem \u010d. 121\/2000 Sb., autorsk\u00fd z\u00e1kon. Zaznamen\u00e1vat, kop\u00edrovat \u010di jinak rozmno\u017eovat a napodobovat toto d\u00edlo pro jinou ne\u017e osobn\u00ed pot\u0159ebu fyzick\u00e9 osoby, a to osobn\u00ed pot\u0159ebu, jej\u00edm\u017e \u00fa\u010delem z\u00e1rove\u0148 nen\u00ed z\u00edsk\u00e1n\u00ed hospod\u00e1\u0159sk\u00e9ho \u010di obchodn\u00edho prosp\u011bchu, se zakazuje.<\/p>\n<h3>Dodavatel internetov\u00fdch str\u00e1nek<\/h3>\n<p><span style=\"display: inline-block; width: 120px;\"><strong>Spole\u010dnost:<\/strong><\/span> <strong>maveb. media s.r.o.<\/strong><br \/>\n<span style=\"display: inline-block; width: 120px;\"><strong>S\u00eddlo:<\/strong><\/span> Mr\u0161t\u00edkova 399\/2a 460\u00a007 Liberec<br \/>\n<span style=\"display: inline-block; width: 120px;\"><strong>Web:<\/strong><\/span> <a href=\"https:\/\/www.maveb.cz\/\" target=\"_blank\" rel=\"noopener\">maveb.cz<\/a><br \/>\n<span style=\"display: inline-block; width: 120px;\"><strong>E-mail:<\/strong><\/span> <a href=\"mailto:ahoj@maveb.cz\">ahoj@maveb.cz<\/a><\/p>\n<\/div><\/div><div class=\"w-separator size_huge\"><\/div><\/div><\/div><\/div><\/div><\/div><\/section>\n","protected":false},"excerpt":{"rendered":"Hlavn\u00ed str\u00e1nkaStr\u00e1nky Podm\u00ednky pou\u017e\u00edv\u00e1n\u00ed Kdo je vlastn\u00edkem str\u00e1nky? Kdo ji vytvo\u0159il a co se m\u016f\u017ee a nem\u016f\u017ee. Tato webov\u00e1 str\u00e1nka je autorsk\u00e9 d\u00edlo chr\u00e1n\u011bn\u00e9 z\u00e1konem a lze je u\u017e\u00edt pouze v souladu se z\u00e1konem \u010d. 121\/2000 Sb., autorsk\u00fd z\u00e1kon. Zaznamen\u00e1vat, kop\u00edrovat \u010di jinak rozmno\u017eovat a napodobovat toto d\u00edlo pro jinou ne\u017e osobn\u00ed pot\u0159ebu fyzick\u00e9 osoby,...","protected":false},"author":4,"featured_media":0,"parent":0,"menu_order":2,"comment_status":"closed","ping_status":"closed","template":"","meta":{"_acf_changed":false,"footnotes":""},"class_list":["post-27","page","type-page","status-publish","hentry"],"acf":[],"_links":{"self":[{"href":"https:\/\/www.alfavaria.cz\/vestavby\/wp-json\/wp\/v2\/pages\/27","targetHints":{"allow":["GET"]}}],"collection":[{"href":"https:\/\/www.alfavaria.cz\/vestavby\/wp-json\/wp\/v2\/pages"}],"about":[{"href":"https:\/\/www.alfavaria.cz\/vestavby\/wp-json\/wp\/v2\/types\/page"}],"author":[{"embeddable":true,"href":"https:\/\/www.alfavaria.cz\/vestavby\/wp-json\/wp\/v2\/users\/4"}],"replies":[{"embeddable":true,"href":"https:\/\/www.alfavaria.cz\/vestavby\/wp-json\/wp\/v2\/comments?post=27"}],"version-history":[{"count":0,"href":"https:\/\/www.alfavaria.cz\/vestavby\/wp-json\/wp\/v2\/pages\/27\/revisions"}],"wp:attachment":[{"href":"https:\/\/www.alfavaria.cz\/vestavby\/wp-json\/wp\/v2\/media?parent=27"}],"curies":[{"name":"wp","href":"https:\/\/api.w.org\/{rel}","templated":true}]}}