{"id":18,"date":"2021-11-22T14:02:54","date_gmt":"2021-11-22T13:02:54","guid":{"rendered":"https:\/\/alfacar.limea.cz\/?page_id=18"},"modified":"2022-03-04T09:30:38","modified_gmt":"2022-03-04T08:30:38","slug":"o-nas","status":"publish","type":"page","link":"https:\/\/www.alfavaria.cz\/vestavby\/o-nas\/","title":{"rendered":"O n\u00e1s"},"content":{"rendered":"<section class=\"l-section wpb_row height_auto color_alternate\"><div class=\"l-section-h i-cf\"><div class=\"g-cols vc_row via_flex valign_top type_default stacking_default\"><div class=\"vc_col-sm-12 wpb_column vc_column_container\"><div class=\"vc_column-inner\"><div class=\"wpb_wrapper\"><section class=\"l-section wpb_row height_auto width_full\"><div class=\"l-section-h i-cf\"><div class=\"g-cols vc_row via_flex valign_top type_default stacking_default\"><div class=\"vc_col-sm-12 wpb_column vc_column_container\"><div class=\"vc_column-inner\"><div class=\"wpb_wrapper\"><div class=\"w-separator size_custom\" style=\"height:0.75rem\"><\/div><nav class=\"g-breadcrumbs us_custom_6c035179 has_text_color separator_icon align_left\" itemscope itemtype=\"http:\/\/schema.org\/BreadcrumbList\"><div class=\"g-breadcrumbs-item\" itemscope itemprop=\"itemListElement\" itemtype=\"http:\/\/schema.org\/ListItem\"><a itemprop=\"item\" href=\"https:\/\/www.alfavaria.cz\/vestavby\/\"><span itemprop=\"name\">Hlavn\u00ed str\u00e1nka<\/span><\/a><meta itemprop=\"position\" content=\"1\"\/><\/div><div class=\"g-breadcrumbs-separator\"><i class=\"far fa-angle-right\"><\/i><\/div><div class=\"g-breadcrumbs-item\">Str\u00e1nky<\/div><\/nav><div class=\"w-separator size_medium\"><\/div><\/div><\/div><\/div><\/div><\/div><\/section>\n<div class=\"wpb_text_column us_custom_31ce0d43\"><div class=\"wpb_wrapper\"><h1>O n\u00e1s<\/h1>\n<p>Navrhujeme, vyr\u00e1b\u00edme a montujeme kvalitn\u00ed hlin\u00edkov\u00e9 vestavby do aut od roku 2010. V roce 2019 jsme roz\u0161\u00ed\u0159ili nab\u00eddku o hotov\u00e9 v\u00fdsuvn\u00e9 boxy DECKED pro vozy pick-up a dod\u00e1vky.<\/p>\n<\/div><\/div><div class=\"w-separator size_large\"><\/div><div class=\"w-image us_custom_ec221b44 style_shadow-1 has_ratio align_none\"><div class=\"w-image-h\"><div style=\"padding-bottom:125%\"><\/div><img decoding=\"async\" width=\"769\" height=\"1024\" src=\"https:\/\/www.alfavaria.cz\/vestavby\/wp-content\/uploads\/2022\/03\/IMG-20220301-WA0000.jpg\" class=\"attachment-large size-large\" alt=\"\" loading=\"lazy\" \/><\/div><\/div><div class=\"w-separator size_custom\" style=\"height:0\" id=\"o075\"><style>@media(max-width:1024px){ #o075{height:2rem!important}}@media(max-width:600px){ #o075{height:2rem!important}}<\/style><\/div><\/div><\/div><\/div><\/div><\/div><\/section><section class=\"l-section wpb_row us_custom_e6195072 height_auto\"><div class=\"l-section-h i-cf\"><div class=\"g-cols vc_row via_flex valign_top type_default stacking_default\"><div class=\"vc_col-sm-12 wpb_column vc_column_container\"><div class=\"vc_column-inner us_custom_08b28072\"><div class=\"wpb_wrapper\"><div class=\"w-separator size_custom\" style=\"height:2rem\"><\/div><div class=\"wpb_text_column\"><div class=\"wpb_wrapper\"><p>V\u017edy za\u010d\u00edn\u00e1me n\u00e1vrhem, ve kter\u00e9m zohledn\u00edme p\u0159edstavy z\u00e1kazn\u00edka a \u00fa\u010dely, pro n\u011b\u017e se vestavba bude pou\u017e\u00edvat. Vestavbu lze navrhnout jako jednoduch\u00e9 reg\u00e1ly s policemi do auta, nebo se zabezpe\u010den\u00fdmi v\u00fdsuvy se z\u00e1suvkami, dopln\u011bn\u00e9 p\u0159\u00edslu\u0161enstv\u00edm.<\/p>\n<p><strong>\u0158e\u0161\u00edme funk\u010dn\u00ed prvky vestavby:<\/strong> zp\u016fsob zabezpe\u010den\u00ed v\u00fdbavy ve vozidle, speci\u00e1ln\u00ed dr\u017e\u00e1ky, upevn\u011bn\u00ed \u017eeb\u0159\u00edk\u016f a dal\u0161\u00ed manipula\u010dn\u00ed techniky uvnit\u0159 nebo vn\u011b auta.<\/p>\n<\/div><\/div><div class=\"w-separator size_custom\" style=\"height:2rem\"><\/div><\/div><\/div><\/div><\/div><\/div><\/section><section class=\"l-section wpb_row height_auto width_full\"><div class=\"l-section-h i-cf\"><div class=\"g-cols vc_row via_flex valign_top type_default stacking_default\"><div class=\"vc_col-sm-12 wpb_column vc_column_container\"><div class=\"vc_column-inner\"><div class=\"wpb_wrapper\"><section class=\"l-section wpb_row height_auto color_alternate\"><div class=\"l-section-overlay\" style=\"background:var(--color-content-primary)\"><\/div><div class=\"l-section-h i-cf\"><div class=\"g-cols vc_row via_flex valign_top type_default stacking_default\"><div class=\"vc_col-sm-12 wpb_column vc_column_container\"><div class=\"vc_column-inner\"><div class=\"wpb_wrapper\"><div class=\"w-separator size_medium\"><\/div><h2 class=\"w-text us_custom_97feff26 has_text_color\"><span class=\"w-text-h\"><span class=\"w-text-value\">Z\u00edskejte pravideln\u00e9 tipy a novinky<\/span><\/span><\/h2><div class=\"wpb_text_column us_custom_ec35bd40 has_text_color\"><div class=\"wpb_wrapper\"><p>Zajist\u011bte si p\u0159\u00edstup k novink\u00e1m ze sv\u011bta automobilov\u00fdch vestaveb. Sledujte aktu\u00e1ln\u00ed v\u00fdvoj technologi\u00ed, praktick\u00e1 \u0159e\u0161en\u00ed pro v\u00e1\u0161 v\u016fz a odborn\u00e9 rady p\u0159\u00edmo od specialist\u016f v\u00a0oboru.<\/p>\n<\/div><\/div>\n<div class=\"wpcf7 no-js us_custom_a260a3c2\" id=\"wpcf7-f6630-o1\" lang=\"cs-CZ\" dir=\"ltr\" data-wpcf7-id=\"6630\">\n<div class=\"screen-reader-response\"><p role=\"status\" aria-live=\"polite\" aria-atomic=\"true\"><\/p> <ul><\/ul><\/div>\n<form action=\"\/vestavby\/wp-json\/wp\/v2\/pages\/18#wpcf7-f6630-o1\" method=\"post\" class=\"wpcf7-form init\" aria-label=\"Kontaktn\u00ed formul\u00e1\u0159\" novalidate=\"novalidate\" data-status=\"init\">\n<fieldset class=\"hidden-fields-container\"><input type=\"hidden\" name=\"_wpcf7\" value=\"6630\" \/><input type=\"hidden\" name=\"_wpcf7_version\" value=\"6.1.5\" \/><input type=\"hidden\" name=\"_wpcf7_locale\" value=\"cs_CZ\" \/><input type=\"hidden\" name=\"_wpcf7_unit_tag\" value=\"wpcf7-f6630-o1\" \/><input type=\"hidden\" name=\"_wpcf7_container_post\" value=\"0\" \/><input type=\"hidden\" name=\"_wpcf7_posted_data_hash\" value=\"\" \/><input type=\"hidden\" name=\"_wpcf7cf_hidden_group_fields\" value=\"[]\" \/><input type=\"hidden\" name=\"_wpcf7cf_hidden_groups\" value=\"[]\" \/><input type=\"hidden\" name=\"_wpcf7cf_visible_groups\" value=\"[]\" \/><input type=\"hidden\" name=\"_wpcf7cf_repeaters\" value=\"[]\" \/><input type=\"hidden\" name=\"_wpcf7cf_steps\" value=\"{}\" \/><input type=\"hidden\" name=\"_wpcf7cf_options\" value=\"{&quot;form_id&quot;:6630,&quot;conditions&quot;:[],&quot;settings&quot;:{&quot;animation&quot;:&quot;yes&quot;,&quot;animation_intime&quot;:200,&quot;animation_outtime&quot;:200,&quot;conditions_ui&quot;:&quot;normal&quot;,&quot;notice_dismissed&quot;:false,&quot;notice_dismissed_rollback-cf7-5.5.4&quot;:true,&quot;notice_dismissed_rollback-cf7-5.5.6&quot;:true}}\" \/><input type=\"hidden\" name=\"_wpcf7_recaptcha_response\" value=\"\" \/>\n<\/fieldset>\n<div class=\"g-cols type_default flex\">\n\t<div class=\"vc_col-sm-8\" style=\"padding: 0px\";>\n\t\t<div class=\"vc_column-inner first\">\n\t\t\t<p><span class=\"wpcf7-form-control-wrap\" data-name=\"email\"><input size=\"40\" maxlength=\"400\" class=\"wpcf7-form-control wpcf7-email wpcf7-validates-as-required wpcf7-text wpcf7-validates-as-email\" aria-required=\"true\" aria-invalid=\"false\" placeholder=\"V\u00e1\u0161 e-mail\" value=\"\" type=\"email\" name=\"email\" \/><\/span>\n\t\t\t<\/p>\n\t\t<\/div>\n\t<\/div>\n\t<div class=\"vc_col-sm-4\" style=\"padding: 0px\";>\n\t\t<div class=\"vc_column-inner last\">\n\t\t\t<p><input class=\"wpcf7-form-control wpcf7-submit has-spinner\" type=\"submit\" value=\"P\u0159ihl\u00e1sit\" \/>\n\t\t\t<\/p>\n\t\t<\/div>\n\t<\/div>\n<\/div><div class=\"wpcf7-response-output\" aria-hidden=\"true\"><\/div>\n<\/form>\n<\/div>\n<div class=\"w-separator size_large\"><\/div><\/div><\/div><\/div><\/div><\/div><\/section>\n<\/div><\/div><\/div><\/div><\/div><\/section>\n","protected":false},"excerpt":{"rendered":"Hlavn\u00ed str\u00e1nkaStr\u00e1nky O n\u00e1s Navrhujeme, vyr\u00e1b\u00edme a montujeme kvalitn\u00ed hlin\u00edkov\u00e9 vestavby do aut od roku 2010. V roce 2019 jsme roz\u0161\u00ed\u0159ili nab\u00eddku o hotov\u00e9 v\u00fdsuvn\u00e9 boxy DECKED pro vozy pick-up a dod\u00e1vky. V\u017edy za\u010d\u00edn\u00e1me n\u00e1vrhem, ve kter\u00e9m zohledn\u00edme p\u0159edstavy z\u00e1kazn\u00edka a \u00fa\u010dely, pro n\u011b\u017e se vestavba bude pou\u017e\u00edvat. Vestavbu lze navrhnout jako jednoduch\u00e9 reg\u00e1ly s...","protected":false},"author":4,"featured_media":0,"parent":0,"menu_order":1,"comment_status":"closed","ping_status":"closed","template":"","meta":{"_acf_changed":false,"footnotes":""},"class_list":["post-18","page","type-page","status-publish","hentry"],"acf":[],"_links":{"self":[{"href":"https:\/\/www.alfavaria.cz\/vestavby\/wp-json\/wp\/v2\/pages\/18","targetHints":{"allow":["GET"]}}],"collection":[{"href":"https:\/\/www.alfavaria.cz\/vestavby\/wp-json\/wp\/v2\/pages"}],"about":[{"href":"https:\/\/www.alfavaria.cz\/vestavby\/wp-json\/wp\/v2\/types\/page"}],"author":[{"embeddable":true,"href":"https:\/\/www.alfavaria.cz\/vestavby\/wp-json\/wp\/v2\/users\/4"}],"replies":[{"embeddable":true,"href":"https:\/\/www.alfavaria.cz\/vestavby\/wp-json\/wp\/v2\/comments?post=18"}],"version-history":[{"count":0,"href":"https:\/\/www.alfavaria.cz\/vestavby\/wp-json\/wp\/v2\/pages\/18\/revisions"}],"wp:attachment":[{"href":"https:\/\/www.alfavaria.cz\/vestavby\/wp-json\/wp\/v2\/media?parent=18"}],"curies":[{"name":"wp","href":"https:\/\/api.w.org\/{rel}","templated":true}]}}