{"id":6143,"date":"2021-11-22T14:04:15","date_gmt":"2021-11-22T13:04:15","guid":{"rendered":"https:\/\/alfavaria.cz\/vestavby\/mapa-webu\/"},"modified":"2024-12-16T11:46:48","modified_gmt":"2024-12-16T10:46:48","slug":"mapa-webu","status":"publish","type":"page","link":"https:\/\/www.alfavaria.cz\/vestavby\/sk\/mapa-webu\/","title":{"rendered":"Mapa webu"},"content":{"rendered":"<section class=\"l-section wpb_row us_custom_751fd8af height_auto color_alternate\"><div class=\"l-section-h i-cf\"><div class=\"g-cols vc_row via_flex valign_top type_default stacking_default\"><div class=\"vc_col-sm-12 wpb_column vc_column_container\"><div class=\"vc_column-inner\"><div class=\"wpb_wrapper\"><section class=\"l-section wpb_row height_auto width_full\"><div class=\"l-section-h i-cf\"><div class=\"g-cols vc_row via_flex valign_top type_default stacking_default\"><div class=\"vc_col-sm-12 wpb_column vc_column_container\"><div class=\"vc_column-inner\"><div class=\"wpb_wrapper\"><div class=\"w-separator size_custom\" style=\"height:0.75rem\"><\/div><nav class=\"g-breadcrumbs us_custom_777c864c has_text_color separator_icon align_left\" itemscope itemtype=\"http:\/\/schema.org\/BreadcrumbList\"><div class=\"g-breadcrumbs-item\" itemscope itemprop=\"itemListElement\" itemtype=\"http:\/\/schema.org\/ListItem\"><a itemprop=\"item\" href=\"https:\/\/www.alfavaria.cz\/vestavby\/sk\/\"><span itemprop=\"name\">Hlavn\u00e1 str\u00e1nka<\/span><\/a><meta itemprop=\"position\" content=\"1\"\/><\/div><div class=\"g-breadcrumbs-separator\"><i class=\"far fa-angle-right\"><\/i><\/div><div class=\"g-breadcrumbs-item\">Str\u00e1nky<\/div><\/nav><div class=\"w-separator size_medium\"><\/div><\/div><\/div><\/div><\/div><\/div><\/section>\n<div class=\"wpb_text_column us_custom_94c18a34\"><div class=\"wpb_wrapper\"><h1>Mapa webu<\/h1>\n<p>Stratili ste sa u n\u00e1s? Pozrite sa na na\u0161u mapu webu.<\/p>\n<\/div><\/div><div class=\"w-separator size_large\"><\/div><\/div><\/div><\/div><\/div><\/div><\/section><section class=\"l-section wpb_row height_auto\"><div class=\"l-section-h i-cf\"><div class=\"g-cols vc_row via_flex valign_top type_default stacking_default\"><div class=\"vc_col-sm-12 wpb_column vc_column_container\"><div class=\"vc_column-inner\"><div class=\"wpb_wrapper\"><div class=\"w-separator size_custom\" style=\"height:3rem\"><\/div><nav class=\"w-menu us_custom_6ba57256 mapawebu layout_ver style_links us_menu_1 with_children\" style=\"--main-gap:1.5rem;--main-ver-indent:0.8em;--main-hor-indent:0.8em;--main-color:inherit;\"><ul id=\"menu-mapa-webu\" class=\"menu\"><li id=\"menu-item-1569\" class=\"menu-item menu-item-type-post_type menu-item-object-page menu-item-home menu-item-has-children menu-item-1569\"><a href=\"https:\/\/www.alfavaria.cz\/vestavby\/uvodni-stranka\/\">\u00davodn\u00ed str\u00e1nka<\/a><ul class=\"sub-menu\"><li id=\"menu-item-1575\" class=\"menu-item menu-item-type-post_type menu-item-object-page menu-item-1575\"><a href=\"https:\/\/www.alfavaria.cz\/vestavby\/vestavby-do-aut-na-miru\/\">Vstavby do \u00e1ut na&nbsp;mieru<\/a><\/li><li id=\"menu-item-1571\" class=\"menu-item menu-item-type-post_type menu-item-object-page menu-item-1571\"><a href=\"https:\/\/www.alfavaria.cz\/vestavby\/pojizdne-dilny\/\">Pojazdn\u00e9 dielne<\/a><\/li><li id=\"menu-item-1572\" class=\"menu-item menu-item-type-post_type menu-item-object-page menu-item-1572\"><a href=\"https:\/\/www.alfavaria.cz\/vestavby\/vysuvna-plata\/\">V\u00fdsuvn\u00e1 plata<\/a><\/li><li id=\"menu-item-1576\" class=\"menu-item menu-item-type-post_type menu-item-object-page menu-item-1576\"><a href=\"https:\/\/www.alfavaria.cz\/vestavby\/vysuvne-boxy\/\">V\u00fdsuvn\u00e9 boxy pre pickupy a dod\u00e1vky<\/a><\/li><\/ul><\/li><li id=\"menu-item-1604\" class=\"menu-item menu-item-type-post_type menu-item-object-page menu-item-1604\"><a href=\"https:\/\/www.alfavaria.cz\/vestavby\/realizace\/\">Realiz\u00e1cia<\/a><\/li><li id=\"menu-item-3500\" class=\"menu-item menu-item-type-post_type menu-item-object-page menu-item-3500\"><a href=\"https:\/\/www.alfavaria.cz\/vestavby\/clanky\/\">\u010cl\u00e1nky<\/a><\/li><li id=\"menu-item-1573\" class=\"menu-item menu-item-type-post_type menu-item-object-page menu-item-1573\"><a href=\"https:\/\/www.alfavaria.cz\/vestavby\/kontakty\/\">Kontakty<\/a><\/li><li id=\"menu-item-1580\" class=\"menu-item menu-item-type-post_type menu-item-object-page menu-item-1580\"><a href=\"https:\/\/www.alfavaria.cz\/vestavby\/cookies\/\">Cookies<\/a><\/li><li id=\"menu-item-1570\" class=\"menu-item menu-item-type-post_type menu-item-object-page menu-item-1570\"><a rel=\"privacy-policy\" href=\"https:\/\/www.alfavaria.cz\/vestavby\/gdpr\/\">GDPR<\/a><\/li><li id=\"menu-item-1582\" class=\"menu-item menu-item-type-post_type menu-item-object-page menu-item-1582\"><a href=\"https:\/\/www.alfavaria.cz\/vestavby\/podminky-pouziti\/\">Podmienky pou\u017eitia<\/a><\/li><\/ul><style>@media ( max-width:600px ){.us_menu_1 .menu{display:block!important}.us_menu_1 .menu>li{margin:0 0 var(--main-gap,1.5rem)!important}}<\/style><\/nav><div class=\"w-separator size_custom\" style=\"height:3rem\"><\/div><\/div><\/div><\/div><\/div><\/div><\/section>\n","protected":false},"excerpt":{"rendered":"Hlavn\u00e1 str\u00e1nkaStr\u00e1nky Mapa webu Stratili ste sa u n\u00e1s? Pozrite sa na na\u0161u mapu webu. \u00davodn\u00ed str\u00e1nkaVstavby do \u00e1ut na&nbsp;mieruPojazdn\u00e9 dielneV\u00fdsuvn\u00e1 plataV\u00fdsuvn\u00e9 boxy pre pickupy a dod\u00e1vkyRealiz\u00e1cia\u010cl\u00e1nkyKontaktyCookiesGDPRPodmienky pou\u017eitia","protected":false},"author":4,"featured_media":0,"parent":0,"menu_order":2,"comment_status":"closed","ping_status":"closed","template":"","meta":{"_acf_changed":false,"footnotes":""},"class_list":["post-6143","page","type-page","status-publish","hentry"],"acf":[],"_links":{"self":[{"href":"https:\/\/www.alfavaria.cz\/vestavby\/sk\/wp-json\/wp\/v2\/pages\/6143","targetHints":{"allow":["GET"]}}],"collection":[{"href":"https:\/\/www.alfavaria.cz\/vestavby\/sk\/wp-json\/wp\/v2\/pages"}],"about":[{"href":"https:\/\/www.alfavaria.cz\/vestavby\/sk\/wp-json\/wp\/v2\/types\/page"}],"author":[{"embeddable":true,"href":"https:\/\/www.alfavaria.cz\/vestavby\/sk\/wp-json\/wp\/v2\/users\/4"}],"replies":[{"embeddable":true,"href":"https:\/\/www.alfavaria.cz\/vestavby\/sk\/wp-json\/wp\/v2\/comments?post=6143"}],"version-history":[{"count":0,"href":"https:\/\/www.alfavaria.cz\/vestavby\/sk\/wp-json\/wp\/v2\/pages\/6143\/revisions"}],"wp:attachment":[{"href":"https:\/\/www.alfavaria.cz\/vestavby\/sk\/wp-json\/wp\/v2\/media?parent=6143"}],"curies":[{"name":"wp","href":"https:\/\/api.w.org\/{rel}","templated":true}]}}