{"id":6133,"date":"2021-11-22T14:04:03","date_gmt":"2021-11-22T13:04:03","guid":{"rendered":"https:\/\/alfavaria.cz\/vestavby\/podminky-pouziti\/"},"modified":"2024-12-16T11:45:17","modified_gmt":"2024-12-16T10:45:17","slug":"podmienky-pouzitia","status":"publish","type":"page","link":"https:\/\/www.alfavaria.cz\/vestavby\/sk\/podmienky-pouzitia\/","title":{"rendered":"Podmienky pou\u017eitia"},"content":{"rendered":"<section class=\"l-section wpb_row us_custom_751fd8af height_auto color_alternate\"><div class=\"l-section-h i-cf\"><div class=\"g-cols vc_row via_flex valign_top type_default stacking_default\"><div class=\"vc_col-sm-12 wpb_column vc_column_container\"><div class=\"vc_column-inner\"><div class=\"wpb_wrapper\"><section class=\"l-section wpb_row height_auto width_full\"><div class=\"l-section-h i-cf\"><div class=\"g-cols vc_row via_flex valign_top type_default stacking_default\"><div class=\"vc_col-sm-12 wpb_column vc_column_container\"><div class=\"vc_column-inner\"><div class=\"wpb_wrapper\"><div class=\"w-separator size_custom\" style=\"height:0.75rem\"><\/div><nav class=\"g-breadcrumbs us_custom_777c864c has_text_color separator_icon align_left\" itemscope itemtype=\"http:\/\/schema.org\/BreadcrumbList\"><div class=\"g-breadcrumbs-item\" itemscope itemprop=\"itemListElement\" itemtype=\"http:\/\/schema.org\/ListItem\"><a itemprop=\"item\" href=\"https:\/\/www.alfavaria.cz\/vestavby\/sk\/\"><span itemprop=\"name\">Hlavn\u00e1 str\u00e1nka<\/span><\/a><meta itemprop=\"position\" content=\"1\"\/><\/div><div class=\"g-breadcrumbs-separator\"><i class=\"far fa-angle-right\"><\/i><\/div><div class=\"g-breadcrumbs-item\">Str\u00e1nky<\/div><\/nav><div class=\"w-separator size_medium\"><\/div><\/div><\/div><\/div><\/div><\/div><\/section>\n<div class=\"wpb_text_column us_custom_b48a3196\"><div class=\"wpb_wrapper\"><h1>Podmienky pou\u017e\u00edvania<\/h1>\n<p>Kto je vlastn\u00edkom str\u00e1nky? Kto ju vytvoril a \u010do sa m\u00f4\u017ee a nem\u00f4\u017ee.<\/p>\n<\/div><\/div><div class=\"w-separator size_large\"><\/div><\/div><\/div><\/div><\/div><\/div><\/section><section class=\"l-section wpb_row thin height_auto\"><div class=\"l-section-h i-cf\"><div class=\"g-cols vc_row via_flex valign_top type_default stacking_default\"><div class=\"vc_col-sm-12 wpb_column vc_column_container\"><div class=\"vc_column-inner\"><div class=\"wpb_wrapper\"><div class=\"w-separator size_large\"><\/div><div class=\"wpb_text_column\"><div class=\"wpb_wrapper\"><p>T\u00e1to webov\u00e1 str\u00e1nka je autorsk\u00e9 dielo chr\u00e1nen\u00e9 z\u00e1konom a je mo\u017en\u00e9 ich pou\u017ei\u0165 iba v s\u00falade so z\u00e1konom \u010d. 121\/2000 Zb., Autorsk\u00fd z\u00e1kon. Zaznamen\u00e1va\u0165, kop\u00edrova\u0165 \u010di inak rozmno\u017eova\u0165 a napodob\u0148ova\u0165 toto dielo pre in\u00fa ne\u017e osobn\u00fa potrebu fyzickej osoby, a to osobn\u00fa potrebu, ktorej \u00fa\u010delom z\u00e1rove\u0148 nie je z\u00edskanie hospod\u00e1rskeho alebo obchodn\u00e9ho prospechu, sa zakazuje.<\/p>\n<h3>Dod\u00e1vate\u013e internetov\u00fdch str\u00e1nok<\/h3>\n<p><span style=\"display: inline-block; width: 120px;\"><strong>Spolo\u010dnos\u0165:<\/strong><\/span> <strong>maveb. media s.r.o.<\/strong><br \/>\n<span style=\"display: inline-block; width: 120px;\"><strong>S\u00eddlo:<\/strong><\/span> Mr\u0161t\u00edkova 399\/2a 460\u00a007 Liberec<br \/>\n<span style=\"display: inline-block; width: 120px;\"><strong>Web:<\/strong><\/span> <a href=\"https:\/\/www.maveb.cz\/\" target=\"_blank\" rel=\"noopener\">maveb.cz<\/a><br \/>\n<span style=\"display: inline-block; width: 120px;\"><strong>E-mail:<\/strong><\/span> <a href=\"mailto:ahoj@maveb.cz\">ahoj@maveb.cz<\/a><\/p>\n<\/div><\/div><div class=\"w-separator size_huge\"><\/div><\/div><\/div><\/div><\/div><\/div><\/section>\n","protected":false},"excerpt":{"rendered":"Hlavn\u00e1 str\u00e1nkaStr\u00e1nky Podmienky pou\u017e\u00edvania Kto je vlastn\u00edkom str\u00e1nky? Kto ju vytvoril a \u010do sa m\u00f4\u017ee a nem\u00f4\u017ee. T\u00e1to webov\u00e1 str\u00e1nka je autorsk\u00e9 dielo chr\u00e1nen\u00e9 z\u00e1konom a je mo\u017en\u00e9 ich pou\u017ei\u0165 iba v s\u00falade so z\u00e1konom \u010d. 121\/2000 Zb., Autorsk\u00fd z\u00e1kon. Zaznamen\u00e1va\u0165, kop\u00edrova\u0165 \u010di inak rozmno\u017eova\u0165 a napodob\u0148ova\u0165 toto dielo pre in\u00fa ne\u017e osobn\u00fa potrebu fyzickej...","protected":false},"author":4,"featured_media":0,"parent":0,"menu_order":2,"comment_status":"closed","ping_status":"closed","template":"","meta":{"_acf_changed":false,"footnotes":""},"class_list":["post-6133","page","type-page","status-publish","hentry"],"acf":[],"_links":{"self":[{"href":"https:\/\/www.alfavaria.cz\/vestavby\/sk\/wp-json\/wp\/v2\/pages\/6133","targetHints":{"allow":["GET"]}}],"collection":[{"href":"https:\/\/www.alfavaria.cz\/vestavby\/sk\/wp-json\/wp\/v2\/pages"}],"about":[{"href":"https:\/\/www.alfavaria.cz\/vestavby\/sk\/wp-json\/wp\/v2\/types\/page"}],"author":[{"embeddable":true,"href":"https:\/\/www.alfavaria.cz\/vestavby\/sk\/wp-json\/wp\/v2\/users\/4"}],"replies":[{"embeddable":true,"href":"https:\/\/www.alfavaria.cz\/vestavby\/sk\/wp-json\/wp\/v2\/comments?post=6133"}],"version-history":[{"count":0,"href":"https:\/\/www.alfavaria.cz\/vestavby\/sk\/wp-json\/wp\/v2\/pages\/6133\/revisions"}],"wp:attachment":[{"href":"https:\/\/www.alfavaria.cz\/vestavby\/sk\/wp-json\/wp\/v2\/media?parent=6133"}],"curies":[{"name":"wp","href":"https:\/\/api.w.org\/{rel}","templated":true}]}}