{"id":6132,"date":"2021-11-22T14:04:26","date_gmt":"2021-11-22T13:04:26","guid":{"rendered":"https:\/\/alfavaria.cz\/vestavby\/stranka-nenalezena\/"},"modified":"2024-12-16T11:44:07","modified_gmt":"2024-12-16T10:44:07","slug":"stranka-nenalezena","status":"publish","type":"page","link":"https:\/\/www.alfavaria.cz\/vestavby\/sk\/stranka-nenalezena\/","title":{"rendered":"Str\u00e1nka 404"},"content":{"rendered":"<section class=\"l-section wpb_row us_custom_007670e3 height_auto\"><div class=\"l-section-h i-cf\"><div class=\"g-cols vc_row via_flex valign_top type_default stacking_default\"><div class=\"vc_col-sm-12 vc_col-lg-offset-3 vc_col-lg-6 wpb_column vc_column_container\"><div class=\"vc_column-inner\"><div class=\"wpb_wrapper\"><div class=\"w-separator size_custom\" style=\"height:3rem\"><\/div><div class=\"wpb_text_column us_custom_14a862f7\"><div class=\"wpb_wrapper\"><h1 style=\"text-align: center; font-weight: 400; font-size: 2rem;\">Str\u00e1nka nebola nen\u00e1jden\u00e1<\/h1>\n<\/div><\/div><div class=\"wpb_text_column us_custom_92b15e26\"><div class=\"wpb_wrapper\"><p style=\"text-align: center;\">Ajaj, tu sa nie\u010do zvrtalo<\/p>\n<\/div><\/div><div class=\"w-separator size_custom\" style=\"height:2rem\"><\/div><div class=\"w-image align_center\"><div class=\"w-image-h\"><img decoding=\"async\" width=\"800\" height=\"268\" src=\"https:\/\/www.alfavaria.cz\/vestavby\/wp-content\/uploads\/2021\/11\/zvrtat2.jpg\" class=\"attachment-large size-large\" alt=\"\" loading=\"lazy\" srcset=\"https:\/\/www.alfavaria.cz\/vestavby\/wp-content\/uploads\/2021\/11\/zvrtat2.jpg 800w, https:\/\/www.alfavaria.cz\/vestavby\/wp-content\/uploads\/2021\/11\/zvrtat2-300x101.jpg 300w\" sizes=\"auto, (max-width: 800px) 100vw, 800px\" \/><\/div><\/div><div class=\"wpb_text_column\"><div class=\"wpb_wrapper\"><p style=\"text-align: center;\"><strong>Kam \u00eds\u0165?<\/strong><\/p>\n<\/div><\/div><div class=\"w-separator size_custom\" style=\"height:0.5rem\"><\/div><div class=\"w-hwrapper hide_on_mobiles valign_middle align_center\" style=\"--hwrapper-gap:1rem\"><div class=\"w-btn-wrapper align_center\"><a class=\"w-btn us-btn-style_2\" href=\"\/sk\/\"><span class=\"w-btn-label\">Domovsk\u00e1 str\u00e1nka<\/span><\/a><\/div><div class=\"w-btn-wrapper align_center\"><a class=\"w-btn us-btn-style_2\" href=\"\/sk\/kontakty\/\"><span class=\"w-btn-label\">Kontakty<\/span><\/a><\/div><div class=\"w-btn-wrapper align_center\"><a class=\"w-btn us-btn-style_2\" target=\"_blank\" rel=\"nofollow noopener\" href=\"http:\/\/alfavaria.cz\"><span class=\"w-btn-label\">Alfavaria.cz<\/span><\/a><\/div><\/div><div class=\"w-btn-wrapper align_center hide_on_default hide_on_laptops hide_on_tablets\"><a class=\"w-btn us-btn-style_2\" href=\"\/sk\/\"><span class=\"w-btn-label\">Domovsk\u00e1 str\u00e1nka<\/span><\/a><\/div><div class=\"w-separator size_custom\" style=\"height:1rem\"><\/div><div class=\"wpb_text_column us_custom_37fa7882 hide_on_default hide_on_laptops hide_on_tablets\"><div class=\"wpb_wrapper\"><p style=\"text-align: center;\"><a href=\"https:\/\/alfavaria.cz\/vestavby\/sk\/kontakty\/\" target=\"_blank\" rel=\"noopener\">Kontakty<\/a><\/p>\n<p style=\"text-align: center;\"><a href=\"http:\/\/www.alfavaria.cz\" target=\"_blank\" rel=\"noopener\">Alfavaria.cz<\/a><\/p>\n<\/div><\/div><div class=\"w-separator size_custom\" style=\"height:3rem\"><\/div><\/div><\/div><\/div><\/div><\/div><\/section>\n","protected":false},"excerpt":{"rendered":"Str\u00e1nka nebola nen\u00e1jden\u00e1 Ajaj, tu sa nie\u010do zvrtalo Kam \u00eds\u0165? Domovsk\u00e1 str\u00e1nkaKontaktyAlfavaria.czDomovsk\u00e1 str\u00e1nkaKontakty Alfavaria.cz","protected":false},"author":4,"featured_media":0,"parent":0,"menu_order":3,"comment_status":"closed","ping_status":"closed","template":"","meta":{"_acf_changed":false,"footnotes":""},"class_list":["post-6132","page","type-page","status-publish","hentry"],"acf":[],"_links":{"self":[{"href":"https:\/\/www.alfavaria.cz\/vestavby\/sk\/wp-json\/wp\/v2\/pages\/6132","targetHints":{"allow":["GET"]}}],"collection":[{"href":"https:\/\/www.alfavaria.cz\/vestavby\/sk\/wp-json\/wp\/v2\/pages"}],"about":[{"href":"https:\/\/www.alfavaria.cz\/vestavby\/sk\/wp-json\/wp\/v2\/types\/page"}],"author":[{"embeddable":true,"href":"https:\/\/www.alfavaria.cz\/vestavby\/sk\/wp-json\/wp\/v2\/users\/4"}],"replies":[{"embeddable":true,"href":"https:\/\/www.alfavaria.cz\/vestavby\/sk\/wp-json\/wp\/v2\/comments?post=6132"}],"version-history":[{"count":0,"href":"https:\/\/www.alfavaria.cz\/vestavby\/sk\/wp-json\/wp\/v2\/pages\/6132\/revisions"}],"wp:attachment":[{"href":"https:\/\/www.alfavaria.cz\/vestavby\/sk\/wp-json\/wp\/v2\/media?parent=6132"}],"curies":[{"name":"wp","href":"https:\/\/api.w.org\/{rel}","templated":true}]}}