{"id":6131,"date":"2021-11-22T14:03:49","date_gmt":"2021-11-22T13:03:49","guid":{"rendered":"https:\/\/alfavaria.cz\/vestavby\/cookies\/"},"modified":"2024-12-16T11:42:43","modified_gmt":"2024-12-16T10:42:43","slug":"cookies","status":"publish","type":"page","link":"https:\/\/www.alfavaria.cz\/vestavby\/sk\/cookies\/","title":{"rendered":"Cookies"},"content":{"rendered":"<section class=\"l-section wpb_row height_auto color_alternate\"><div class=\"l-section-h i-cf\"><div class=\"g-cols vc_row via_flex valign_top type_default stacking_default\"><div class=\"vc_col-sm-12 wpb_column vc_column_container\"><div class=\"vc_column-inner\"><div class=\"wpb_wrapper\"><section class=\"l-section wpb_row height_auto width_full\"><div class=\"l-section-h i-cf\"><div class=\"g-cols vc_row via_flex valign_top type_default stacking_default\"><div class=\"vc_col-sm-12 wpb_column vc_column_container\"><div class=\"vc_column-inner\"><div class=\"wpb_wrapper\"><div class=\"w-separator size_custom\" style=\"height:0.75rem\"><\/div><nav class=\"g-breadcrumbs us_custom_777c864c has_text_color separator_icon align_left\" itemscope itemtype=\"http:\/\/schema.org\/BreadcrumbList\"><div class=\"g-breadcrumbs-item\" itemscope itemprop=\"itemListElement\" itemtype=\"http:\/\/schema.org\/ListItem\"><a itemprop=\"item\" href=\"https:\/\/www.alfavaria.cz\/vestavby\/sk\/\"><span itemprop=\"name\">Hlavn\u00e1 str\u00e1nka<\/span><\/a><meta itemprop=\"position\" content=\"1\"\/><\/div><div class=\"g-breadcrumbs-separator\"><i class=\"far fa-angle-right\"><\/i><\/div><div class=\"g-breadcrumbs-item\">Str\u00e1nky<\/div><\/nav><div class=\"w-separator size_medium\"><\/div><\/div><\/div><\/div><\/div><\/div><\/section>\n<div class=\"wpb_text_column us_custom_d8cf6284\"><div class=\"wpb_wrapper\"><h1>Co jsou to Cookies<\/h1>\n<p>O tom, jak a co d\u011bl\u00e1me s do\u010dasn\u00fdmi soubory cookies.<\/p>\n<\/div><\/div><div class=\"w-separator size_custom\" style=\"height:3rem\" id=\"q1a2\"><style>@media(max-width:600px){ #q1a2{height:2rem!important}}<\/style><\/div><\/div><\/div><\/div><\/div><\/div><\/section><section class=\"l-section wpb_row thin height_auto\"><div class=\"l-section-h i-cf\"><div class=\"g-cols vc_row via_flex valign_top type_default stacking_default\"><div class=\"vc_col-sm-12 wpb_column vc_column_container\"><div class=\"vc_column-inner\"><div class=\"wpb_wrapper\"><div class=\"w-separator size_large\"><\/div><div class=\"wpb_text_column\"><div class=\"wpb_wrapper\"><h2>\u010co s\u00fa cookies?<\/h2>\n<p>Tieto Pravidl\u00e1 Cookies vysvet\u013euj\u00fa \u010do s\u00fa cookies a ako ich pou\u017e\u00edvame, nami vyu\u017e\u00edvan\u00e9 typy cookies, inform\u00e1cie pomocou cookies zbieran\u00e9 a ako s\u00fa tieto inform\u00e1cie pou\u017e\u00edvan\u00e9, a ako spravova\u0165 nastavenia cookies.<\/p>\n<p>Cookies s\u00fa mal\u00e9 textov\u00e9 s\u00fabory, ktor\u00e9 s\u00fa pou\u017e\u00edvan\u00e9 na uchovanie mal\u00e9ho mno\u017estva inform\u00e1ci\u00ed. S\u00fa ulo\u017een\u00e9 na va\u0161e zariadenie pri na\u010d\u00edtan\u00ed str\u00e1nky vo va\u0161om prehliada\u010di. Tieto cookies n\u00e1m pom\u00e1haj\u00fa k spr\u00e1vnemu fungovaniu str\u00e1nok, robia ich viac zabezpe\u010den\u00e9, poskytuj\u00fa lep\u0161\u00ed u\u017e\u00edvate\u013esk\u00fd z\u00e1\u017eitok a pom\u00e1haj\u00fa n\u00e1m analyzova\u0165 v\u00fdkonnos\u0165 str\u00e1nok, \u010do funguje a kde je potrebn\u00e9 zapracova\u0165 na vylep\u0161en\u00ed.<\/p>\n<h2>Ako pou\u017e\u00edvame cookies?<\/h2>\n<div>\n<p>Ako v\u00e4\u010d\u0161ina online slu\u017eieb, na\u0161e str\u00e1nky pou\u017e\u00edvaj\u00fa cookies prvej strany a cookies tret\u00edch str\u00e1n na nieko\u013eko \u00fa\u010delov. Cookies prvej strany s\u00fa najviac d\u00f4le\u017eit\u00e9, aby str\u00e1nky fungovali spr\u00e1vne, nezbieraj\u00fa \u017eiadne osobne identifikovate\u013en\u00e9 \u00fadaje.<\/p>\n<p>Cookies tret\u00edch str\u00e1n pou\u017e\u00edvan\u00e9 na na\u0161ich str\u00e1nkach sl\u00fa\u017eia predov\u0161etk\u00fdm na ur\u010dovanie v\u00fdkonnosti str\u00e1nok, sp\u00f4sob va\u0161ej interakcie s na\u0161ou str\u00e1nkou, udr\u017euj\u00fa na\u0161e slu\u017eby bezpe\u010dn\u00e9, poskytuj\u00fa reklamu, ktor\u00e1 je pre v\u00e1s relevantn\u00e1, a celkovo v\u00e1m poskytn\u00fa lep\u0161iu a vylep\u0161en\u00fa u\u017e\u00edvate\u013esk\u00fa sk\u00fasenos\u0165 a pom\u00f4\u017eu ur\u00fdchli\u0165 va\u0161e bud\u00face interakcie. s na\u0161imi webov\u00fdmi str\u00e1nkami.<\/p>\n<h2>Typy nami vyu\u017e\u00edvan\u00fdch cookies<\/h2>\n<p>Nastavenie va\u0161ich cookie m\u00f4\u017eete zmeni\u0165 kedyko\u013evek kliknut\u00edm na vy\u0161\u0161ie uveden\u00e9 tla\u010didlo. To v\u00e1m umo\u017en\u00ed znova nav\u0161t\u00edvi\u0165 banner s\u00fahlasu so s\u00fabormi cookie a zmeni\u0165 svoje preferencie alebo svoj s\u00fahlas ihne\u010f odvola\u0165.<\/p>\n<p>Okrem toho, r\u00f4zne prehliada\u010de poskytuj\u00fa r\u00f4zne sp\u00f4soby blokovania a mazania s\u00faborov cookie pou\u017e\u00edvan\u00fdch webov\u00fdmi str\u00e1nkami. M\u00f4\u017eete zmeni\u0165 nastavenia svojho prehliada\u010da tak, aby blokoval\/zmazal s\u00fabory cookie. Ni\u017e\u0161ie s\u00fa uveden\u00e9 odkazy na podporn\u00e9 dokumenty o tom, ako spravova\u0165 a odstra\u0148ova\u0165 s\u00fabory cookie z najpou\u017e\u00edvanej\u0161\u00edch webov\u00fdch prehliada\u010dov.<\/p>\n<ul>\n<li><a href=\"https:\/\/support.google.com\/accounts\/answer\/61416?hl=cs\" target=\"_blank\" rel=\"noopener\">Chrome<\/a><\/li>\n<li><a href=\"https:\/\/support.mozilla.org\/cs\/kb\/blokovani-cookies\" target=\"_blank\" rel=\"noopener\">Firefox<\/a><\/li>\n<li><a href=\"https:\/\/support.microsoft.com\/cs-cz\/help\/17442\/windows-internet-explorer-delete-manage-cookies\" target=\"_blank\" rel=\"noopener\">Internet Explorer<\/a><\/li>\n<li><a href=\"https:\/\/support.google.com\/accounts\/answer\/32050?co=GENIE.Platform%3DAndroid&amp;hl=en\" target=\"_blank\" rel=\"noopener\">Android \u2013 r\u016fzn\u00e9 prohl\u00ed\u017ee\u010de<\/a><\/li>\n<\/ul>\n<p>Pokia\u013e pou\u017e\u00edvate in\u00fd prehliada\u010d, nav\u0161t\u00edvte pros\u00edm ofici\u00e1lne dokumenty podpory v\u00e1\u0161ho prehliada\u010da.<\/p>\n<\/div>\n<\/div><\/div><div class=\"w-separator size_small\"><\/div><div class=\"w-vwrapper align_none valign_top\" style=\"--vwrapper-gap:0rem\"><time class=\"w-post-elm post_date us_custom_064d3121 entry-date published\" datetime=\"2021-11-22T14:03:49+01:00\" title=\"22 novembra 2021 o 14:03:49 Europe\/Prague\" itemprop=\"datePublished\"><span class=\"w-post-elm-before\">D\u00e1tum vytvorenia: <\/span>4 roky dozadu<\/time><time class=\"w-post-elm post_date us_custom_064d3121 entry-date updated\" datetime=\"2024-12-16T11:42:43+01:00\" title=\"16 decembra 2024 o 11:42:43 Europe\/Prague\" itemprop=\"dateModified\"><span class=\"w-post-elm-before\">D\u00e1tum poslednej aktualiz\u00e1cie: <\/span>1 rok dozadu<\/time><\/div><div class=\"w-separator size_small\"><\/div><div class=\"wpb_text_column\"><div class=\"wpb_wrapper\"><div id=\"cmplz-manage-consent-container-nojavascript\">You have loaded the Cookie Policy without javascript support.&nbsp;On AMP, you can use the manage consent button on the bottom of the page.<\/div><div id=\"cmplz-manage-consent-container\" name=\"cmplz-manage-consent-container\" class=\"cmplz-manage-consent-container\"><\/div>\n<\/div><\/div><div class=\"w-separator size_huge\"><\/div><\/div><\/div><\/div><\/div><\/div><\/section>\n","protected":false},"excerpt":{"rendered":"Hlavn\u00e1 str\u00e1nkaStr\u00e1nky Co jsou to Cookies O tom, jak a co d\u011bl\u00e1me s do\u010dasn\u00fdmi soubory cookies. \u010co s\u00fa cookies? Tieto Pravidl\u00e1 Cookies vysvet\u013euj\u00fa \u010do s\u00fa cookies a ako ich pou\u017e\u00edvame, nami vyu\u017e\u00edvan\u00e9 typy cookies, inform\u00e1cie pomocou cookies zbieran\u00e9 a ako s\u00fa tieto inform\u00e1cie pou\u017e\u00edvan\u00e9, a ako spravova\u0165 nastavenia cookies. Cookies s\u00fa mal\u00e9 textov\u00e9 s\u00fabory, ktor\u00e9...","protected":false},"author":4,"featured_media":0,"parent":0,"menu_order":2,"comment_status":"closed","ping_status":"closed","template":"","meta":{"_acf_changed":false,"footnotes":""},"class_list":["post-6131","page","type-page","status-publish","hentry"],"acf":[],"_links":{"self":[{"href":"https:\/\/www.alfavaria.cz\/vestavby\/sk\/wp-json\/wp\/v2\/pages\/6131","targetHints":{"allow":["GET"]}}],"collection":[{"href":"https:\/\/www.alfavaria.cz\/vestavby\/sk\/wp-json\/wp\/v2\/pages"}],"about":[{"href":"https:\/\/www.alfavaria.cz\/vestavby\/sk\/wp-json\/wp\/v2\/types\/page"}],"author":[{"embeddable":true,"href":"https:\/\/www.alfavaria.cz\/vestavby\/sk\/wp-json\/wp\/v2\/users\/4"}],"replies":[{"embeddable":true,"href":"https:\/\/www.alfavaria.cz\/vestavby\/sk\/wp-json\/wp\/v2\/comments?post=6131"}],"version-history":[{"count":0,"href":"https:\/\/www.alfavaria.cz\/vestavby\/sk\/wp-json\/wp\/v2\/pages\/6131\/revisions"}],"wp:attachment":[{"href":"https:\/\/www.alfavaria.cz\/vestavby\/sk\/wp-json\/wp\/v2\/media?parent=6131"}],"curies":[{"name":"wp","href":"https:\/\/api.w.org\/{rel}","templated":true}]}}