{"id":5957,"date":"2022-10-19T15:34:59","date_gmt":"2022-10-19T13:34:59","guid":{"rendered":"https:\/\/alfavaria.cz\/vestavby\/clanky\/"},"modified":"2026-02-26T14:42:43","modified_gmt":"2026-02-26T13:42:43","slug":"clanky","status":"publish","type":"page","link":"https:\/\/www.alfavaria.cz\/vestavby\/sk\/clanky\/","title":{"rendered":"\u010cl\u00e1nky"},"content":{"rendered":"<section class=\"l-section wpb_row height_auto color_alternate\"><div class=\"l-section-h i-cf\"><div class=\"g-cols vc_row via_flex valign_top type_default stacking_default\"><div class=\"vc_col-sm-12 wpb_column vc_column_container\"><div class=\"vc_column-inner\"><div class=\"wpb_wrapper\"><section class=\"l-section wpb_row height_auto width_full\"><div class=\"l-section-h i-cf\"><div class=\"g-cols vc_row via_flex valign_top type_default stacking_default\"><div class=\"vc_col-sm-12 wpb_column vc_column_container\"><div class=\"vc_column-inner\"><div class=\"wpb_wrapper\"><div class=\"w-separator size_custom\" style=\"height:0.75rem\"><\/div><nav class=\"g-breadcrumbs us_custom_777c864c has_text_color separator_icon align_left\" itemscope itemtype=\"http:\/\/schema.org\/BreadcrumbList\"><div class=\"g-breadcrumbs-item\" itemscope itemprop=\"itemListElement\" itemtype=\"http:\/\/schema.org\/ListItem\"><a itemprop=\"item\" href=\"https:\/\/www.alfavaria.cz\/vestavby\/sk\/\"><span itemprop=\"name\">Hlavn\u00e1 str\u00e1nka<\/span><\/a><meta itemprop=\"position\" content=\"1\"\/><\/div><div class=\"g-breadcrumbs-separator\"><i class=\"far fa-angle-right\"><\/i><\/div><div class=\"g-breadcrumbs-item\">Str\u00e1nky<\/div><\/nav><div class=\"w-separator size_medium\"><\/div><\/div><\/div><\/div><\/div><\/div><\/section>\n<div class=\"wpb_text_column us_custom_76872088\"><div class=\"wpb_wrapper\"><h1>\u010cl\u00e1nky<\/h1>\n<p>Novinky zo sveta automobilov\u00fdch vstavieb a firmy ALFAVARIA Group<\/p>\n<\/div><\/div><div class=\"w-separator size_custom\" style=\"height:3rem\" id=\"wea5\"><style>@media(max-width:600px){ #wea5{height:2rem!important}}<\/style><\/div><\/div><\/div><\/div><\/div><\/div><\/section><section class=\"l-section wpb_row height_auto\"><div class=\"l-section-h i-cf\"><div class=\"g-cols vc_row via_flex valign_top type_default stacking_default\"><div class=\"vc_col-sm-12 wpb_column vc_column_container\"><div class=\"vc_column-inner\"><div class=\"wpb_wrapper\"><div class=\"w-separator size_custom\" style=\"height:4rem\"><\/div><div class=\"w-grid us_post_list gridhp apply_url_params type_grid layout_3493 cols_3 pagination_load_on_scroll preload_style_spinner with_css_animation\" id=\"us_post_list_oe9d\" style=\"--columns:3;--gap:0.5rem;\"><style>@media (max-width:1024px){#us_post_list_oe9d{--columns:2!important}}@media (max-width:767px){#us_post_list_oe9d{--columns:1!important}}.layout_3493 .w-grid-item-h{background:#f9f9f9;border-radius:0.3rem}.layout_3493 .usg_post_content_1{font-size:15px!important;margin-top:0.5rem!important}.layout_3493 .usg_vwrapper_2{padding:1.5rem!important}.layout_3493 .usg_post_title_1{color:var(--color-content-text)!important;font-weight:700!important;font-size:1.2rem!important}@media (min-width:1025px) and (max-width:1265px){.layout_3493 .usg_post_content_1{font-size:15px!important}.layout_3493 .usg_vwrapper_2{padding:1.5rem!important}}@media (min-width:768px) and (max-width:1024px){.layout_3493 .usg_post_content_1{font-size:15px!important}.layout_3493 .usg_vwrapper_2{padding:1.5rem!important}}@media (max-width:767px){.layout_3493 .usg_post_content_1{font-weight:500!important;font-size:14px!important;line-height:1.3!important}.layout_3493 .usg_vwrapper_2{padding:1.2rem 1.25rem 1.2rem 1.25rem!important}}<\/style><div class=\"w-grid-list\">\t<article class=\"w-grid-item us_animate_fade size_1x1 post-6338 post type-post status-publish format-standard has-post-thumbnail hentry category-uncategorized-cs tag-dilna-pro-armadu tag-kontejnerova-dilna tag-mobile-workshop tag-mobilni-dilna tag-pojizdna-dilna\" data-id=\"6338\" style=\"animation-delay:0s\">\r\n\t\t<div class=\"w-grid-item-h\">\r\n\t\t\t\t\t\t\t<a href=\"https:\/\/www.alfavaria.cz\/vestavby\/sk\/opravujte-kdekoliv-mobilni-dilny-v-iso-kontejneru-premiove-reseni-pro-armadu-stavebni-firmy\/\" class=\"w-grid-item-anchor\" aria-label=\"Profesion\u00e1ln\u00ed mobiln\u00ed d\u00edlny \u2013 kl\u00ed\u010d k \u00faspor\u00e1m a maxim\u00e1ln\u00ed flexibilit\u011b.\"><\/a>\r\n\t\t\t\t\t\t<div class=\"w-vwrapper usg_vwrapper_1 align_none valign_top\" style=\"--vwrapper-gap:0rem\"><div class=\"w-post-elm post_image usg_post_image_1 has_ratio\"><img loading=\"lazy\" decoding=\"async\" width=\"626\" height=\"886\" src=\"https:\/\/www.alfavaria.cz\/vestavby\/wp-content\/uploads\/2023\/07\/MIK_7745-1.jpg\" class=\"attachment-large size-large wp-post-image\" alt=\"\" \/><div style=\"padding-bottom:50%\"><\/div><\/div><div class=\"w-vwrapper usg_vwrapper_2 align_left valign_top\" style=\"--vwrapper-gap:0px\"><h2 class=\"w-post-elm post_title usg_post_title_1 has_text_color entry-title color_link_inherit\">Profesion\u00e1ln\u00ed mobiln\u00ed d\u00edlny \u2013 kl\u00ed\u010d k \u00faspor\u00e1m a maxim\u00e1ln\u00ed flexibilit\u011b.<\/h2><div class=\"w-post-elm post_content usg_post_content_1\">V sou\u010dasn\u00e9 dob\u011b, kdy doch\u00e1z\u00ed k neust\u00e1l\u00e9mu rozvoji pr\u016fmyslov\u00fdch a stavebn\u00edch technologi\u00ed, roste i popt\u00e1vka&hellip;<\/div><\/div><\/div>\t\t<\/div>\r\n\t\t\t<\/article>\r\n\t<article class=\"w-grid-item us_animate_fade size_1x1 post-6160 post type-post status-publish format-standard has-post-thumbnail hentry category-uncategorized-cs tag-cargoglide tag-decked tag-pickup tag-pickuplife tag-vysuvne-plato\" data-id=\"6160\" style=\"animation-delay:0.1s\">\r\n\t\t<div class=\"w-grid-item-h\">\r\n\t\t\t\t\t\t\t<a href=\"https:\/\/www.alfavaria.cz\/vestavby\/sk\/vysuvne-plato-cargoglide-generace-2-0-pro-pickupy-dokonale-reseni-pro-efektivni-vyuziti-lozneho-prostoru-vozidla\/\" class=\"w-grid-item-anchor\" aria-label=\"V\u00fdsuvn\u00e9 plato CargoGlide generace 2.0 pro pickupy: Dokonal\u00e9 \u0159e\u0161en\u00ed pro efektivn\u00ed vyu\u017eit\u00ed lo\u017en\u00e9ho prostoru vozidla\"><\/a>\r\n\t\t\t\t\t\t<div class=\"w-vwrapper usg_vwrapper_1 align_none valign_top\" style=\"--vwrapper-gap:0rem\"><div class=\"w-post-elm post_image usg_post_image_1 has_ratio\"><img loading=\"lazy\" decoding=\"async\" width=\"600\" height=\"399\" src=\"https:\/\/www.alfavaria.cz\/vestavby\/wp-content\/uploads\/2024\/12\/Gadd_Ray_J_969A7696_sm.png\" class=\"attachment-large size-large wp-post-image\" alt=\"\" \/><div style=\"padding-bottom:50%\"><\/div><\/div><div class=\"w-vwrapper usg_vwrapper_2 align_left valign_top\" style=\"--vwrapper-gap:0px\"><h2 class=\"w-post-elm post_title usg_post_title_1 has_text_color entry-title color_link_inherit\">V\u00fdsuvn\u00e9 plato CargoGlide generace 2.0 pro pickupy: Dokonal\u00e9 \u0159e\u0161en\u00ed pro efektivn\u00ed vyu\u017eit\u00ed lo\u017en\u00e9ho prostoru vozidla<\/h2><div class=\"w-post-elm post_content usg_post_content_1\">V modern\u00edm sv\u011bt\u011b, kde hraje \u010das i efektivita kl\u00ed\u010dovou roli, se st\u00e1le v\u00edce setk\u00e1v\u00e1me s&hellip;<\/div><\/div><\/div>\t\t<\/div>\r\n\t\t\t<\/article>\r\n\t<article class=\"w-grid-item us_animate_fade size_1x1 post-4377 post type-post status-publish format-standard has-post-thumbnail hentry category-uncategorized-cs tag-vysuvne-boxy-decked-nove-gnerace tag-vysuvne-boxy-pro-pickupy\" data-id=\"4377\" style=\"animation-delay:0.2s\">\r\n\t\t<div class=\"w-grid-item-h\">\r\n\t\t\t\t\t\t\t<a href=\"https:\/\/www.alfavaria.cz\/vestavby\/sk\/nova-generace-vysuvnych-boxu-decked\/\" class=\"w-grid-item-anchor\" aria-label=\"NOV\u00c1 GENERACE V\u00ddSUVN\u00ddCH BOX\u016e DECKED\"><\/a>\r\n\t\t\t\t\t\t<div class=\"w-vwrapper usg_vwrapper_1 align_none valign_top\" style=\"--vwrapper-gap:0rem\"><div class=\"w-post-elm post_image usg_post_image_1 has_ratio\"><img loading=\"lazy\" decoding=\"async\" width=\"1024\" height=\"461\" src=\"https:\/\/www.alfavaria.cz\/vestavby\/wp-content\/uploads\/2024\/02\/drawers-lifestyle-vxvy-1620x730-1-1024x461.webp\" class=\"attachment-large size-large wp-post-image\" alt=\"\" \/><div style=\"padding-bottom:50%\"><\/div><\/div><div class=\"w-vwrapper usg_vwrapper_2 align_left valign_top\" style=\"--vwrapper-gap:0px\"><h2 class=\"w-post-elm post_title usg_post_title_1 has_text_color entry-title color_link_inherit\">NOV\u00c1 GENERACE V\u00ddSUVN\u00ddCH BOX\u016e DECKED<\/h2><div class=\"w-post-elm post_content usg_post_content_1\">V\u00fdsuvn\u00e9 boxy DECKED nov\u00e9 generace jsou v\u00fdsledkem nep\u0159etr\u017eit\u00e9ho v\u00fdvoje a pe\u010dliv\u00e9ho naslouch\u00e1n\u00ed zp\u011btn\u00e9 vazby od&hellip;<\/div><\/div><\/div>\t\t<\/div>\r\n\t\t\t<\/article>\r\n\t<article class=\"w-grid-item us_animate_fade size_1x1 post-4265 post type-post status-publish format-standard has-post-thumbnail hentry category-uncategorized-cs tag-pickup tag-vysuvna-plata-pro-pickupy\" data-id=\"4265\" style=\"animation-delay:0.3s\">\r\n\t\t<div class=\"w-grid-item-h\">\r\n\t\t\t\t\t\t\t<a href=\"https:\/\/www.alfavaria.cz\/vestavby\/sk\/vysuvne-boxy-nebo-vysuvna-plata-jakou-moznost-zvolit-pro-vas-pickup\/\" class=\"w-grid-item-anchor\" aria-label=\"V\u00fdsuvn\u00e9 boxy nebo v\u00fdsuvn\u00e1 plata \u2013 Jakou mo\u017enost zvolit pro v\u00e1\u0161 pickup?\"><\/a>\r\n\t\t\t\t\t\t<div class=\"w-vwrapper usg_vwrapper_1 align_none valign_top\" style=\"--vwrapper-gap:0rem\"><div class=\"w-post-elm post_image usg_post_image_1 has_ratio\"><img loading=\"lazy\" decoding=\"async\" width=\"1000\" height=\"749\" src=\"https:\/\/www.alfavaria.cz\/vestavby\/wp-content\/uploads\/2022\/11\/alfavaria-vysuvna-plata-cargoglide-produkt-1.jpg\" class=\"attachment-large size-large wp-post-image\" alt=\"\" \/><div style=\"padding-bottom:50%\"><\/div><\/div><div class=\"w-vwrapper usg_vwrapper_2 align_left valign_top\" style=\"--vwrapper-gap:0px\"><h2 class=\"w-post-elm post_title usg_post_title_1 has_text_color entry-title color_link_inherit\">V\u00fdsuvn\u00e9 boxy nebo v\u00fdsuvn\u00e1 plata \u2013 Jakou mo\u017enost zvolit pro v\u00e1\u0161 pickup?<\/h2><div class=\"w-post-elm post_content usg_post_content_1\">Roz\u0161\u00ed\u0159en\u00ed funk\u010dnosti a zv\u00fd\u0161en\u00ed prakti\u010dnosti va\u0161eho pickupu m\u016f\u017eete doc\u00edlit pomoc\u00ed v\u00fdsuvn\u00fdch box\u016f nebo v\u00fdsuvn\u00e9ho plata.&hellip;<\/div><\/div><\/div>\t\t<\/div>\r\n\t\t\t<\/article>\r\n\t<article class=\"w-grid-item us_animate_fade size_1x1 post-3767 post type-post status-publish format-standard has-post-thumbnail hentry category-uncategorized-cs\" data-id=\"3767\" style=\"animation-delay:0.4s\">\r\n\t\t<div class=\"w-grid-item-h\">\r\n\t\t\t\t\t\t\t<a href=\"https:\/\/www.alfavaria.cz\/vestavby\/sk\/idealni-vestavba-do-vozidla-zkuste-se-vyvarovat-techto-peti-nejcastejsich-chyb-pri-planovani\/\" class=\"w-grid-item-anchor\" aria-label=\"&lt;strong&gt;Ide\u00e1ln\u00ed vestavba do vozidla: Zkuste se vyvarovat t\u011bchto p\u011bti nej\u010dast\u011bj\u0161\u00edch chyb p\u0159i\u00a0pl\u00e1nov\u00e1n\u00ed!&lt;\/strong&gt;\"><\/a>\r\n\t\t\t\t\t\t<div class=\"w-vwrapper usg_vwrapper_1 align_none valign_top\" style=\"--vwrapper-gap:0rem\"><div class=\"w-post-elm post_image usg_post_image_1 has_ratio\"><img loading=\"lazy\" decoding=\"async\" width=\"800\" height=\"450\" src=\"https:\/\/www.alfavaria.cz\/vestavby\/wp-content\/uploads\/2022\/01\/alfacar-hlinikova-vestavba.jpg\" class=\"attachment-large size-large wp-post-image\" alt=\"\" \/><div style=\"padding-bottom:50%\"><\/div><\/div><div class=\"w-vwrapper usg_vwrapper_2 align_left valign_top\" style=\"--vwrapper-gap:0px\"><h2 class=\"w-post-elm post_title usg_post_title_1 has_text_color entry-title color_link_inherit\"><strong>Ide\u00e1ln\u00ed vestavba do vozidla: Zkuste se vyvarovat t\u011bchto p\u011bti nej\u010dast\u011bj\u0161\u00edch chyb p\u0159i\u00a0pl\u00e1nov\u00e1n\u00ed!<\/strong><\/h2><div class=\"w-post-elm post_content usg_post_content_1\">Inteligentn\u011b navr\u017een\u00e1 auto vestavba zaji\u0161\u0165uje bezpe\u010dnost, poskytuje jasn\u00fd p\u0159ehled o tom, co ve vozidle m\u00e1te,&hellip;<\/div><\/div><\/div>\t\t<\/div>\r\n\t\t\t<\/article>\r\n\t<article class=\"w-grid-item us_animate_fade size_1x1 post-3694 post type-post status-publish format-standard has-post-thumbnail hentry category-uncategorized-cs\" data-id=\"3694\" style=\"animation-delay:0.5s\">\r\n\t\t<div class=\"w-grid-item-h\">\r\n\t\t\t\t\t\t\t<a href=\"https:\/\/www.alfavaria.cz\/vestavby\/sk\/jak-vznikaji-nase-auto-vestavby\/\" class=\"w-grid-item-anchor\" aria-label=\"Jak vznikaj\u00ed na\u0161e auto vestavby?\"><\/a>\r\n\t\t\t\t\t\t<div class=\"w-vwrapper usg_vwrapper_1 align_none valign_top\" style=\"--vwrapper-gap:0rem\"><div class=\"w-post-elm post_image usg_post_image_1 has_ratio\"><img loading=\"lazy\" decoding=\"async\" width=\"1024\" height=\"538\" src=\"https:\/\/www.alfavaria.cz\/vestavby\/wp-content\/uploads\/2022\/11\/car.alfavaria-clanek-jak-vznikaji-nase-autovestavby-1024x538.jpg\" class=\"attachment-large size-large wp-post-image\" alt=\"\" \/><div style=\"padding-bottom:50%\"><\/div><\/div><div class=\"w-vwrapper usg_vwrapper_2 align_left valign_top\" style=\"--vwrapper-gap:0px\"><h2 class=\"w-post-elm post_title usg_post_title_1 has_text_color entry-title color_link_inherit\">Jak vznikaj\u00ed na\u0161e auto vestavby?<\/h2><div class=\"w-post-elm post_content usg_post_content_1\">Dobr\u00e9 pl\u00e1nov\u00e1n\u00ed je polovina \u00fasp\u011bchu. Ne\u017e budeme schopni namontovat va\u0161i vysn\u011bnou auto vestavbu do va\u0161eho&hellip;<\/div><\/div><\/div>\t\t<\/div>\r\n\t\t\t<\/article>\r\n\t<article class=\"w-grid-item us_animate_fade size_1x1 post-3461 post type-post status-publish format-standard has-post-thumbnail hentry category-uncategorized-cs\" data-id=\"3461\" style=\"animation-delay:0s\">\r\n\t\t<div class=\"w-grid-item-h\">\r\n\t\t\t\t\t\t\t<a href=\"https:\/\/www.alfavaria.cz\/vestavby\/sk\/vysuvne-boxy-pro-hasice-remeslo-i-volny-cas\/\" class=\"w-grid-item-anchor\" aria-label=\"V\u00fdsuvn\u00e9 boxy pro hasi\u010de, \u0159emeslo i voln\u00fd \u010das\"><\/a>\r\n\t\t\t\t\t\t<div class=\"w-vwrapper usg_vwrapper_1 align_none valign_top\" style=\"--vwrapper-gap:0rem\"><div class=\"w-post-elm post_image usg_post_image_1 has_ratio\"><img loading=\"lazy\" decoding=\"async\" width=\"1024\" height=\"538\" src=\"https:\/\/www.alfavaria.cz\/vestavby\/wp-content\/uploads\/2022\/10\/car.alfavaria-clanek-vzsuvne-boxy-pro-hasice-remeslo-i-volny-cas-main-1024x538.jpg\" class=\"attachment-large size-large wp-post-image\" alt=\"\" \/><div style=\"padding-bottom:50%\"><\/div><\/div><div class=\"w-vwrapper usg_vwrapper_2 align_left valign_top\" style=\"--vwrapper-gap:0px\"><h2 class=\"w-post-elm post_title usg_post_title_1 has_text_color entry-title color_link_inherit\">V\u00fdsuvn\u00e9 boxy pro hasi\u010de, \u0159emeslo i voln\u00fd \u010das<\/h2><div class=\"w-post-elm post_content usg_post_content_1\">\u0160ikovn\u011b ulo\u017eit v\u00fdbavu ve vozidle nepat\u0159\u00ed v\u017edy mezi snadn\u00e9 \u00fakoly, p\u0159itom m\u00edt v\u0161e pot\u0159ebn\u00e9 v\u202fpravou&hellip;<\/div><\/div><\/div>\t\t<\/div>\r\n\t\t\t<\/article>\r\n\t<article class=\"w-grid-item us_animate_fade size_1x1 post-4159 post type-post status-publish format-standard has-post-thumbnail hentry category-uncategorized-cs tag-decked tag-ford-ranger tag-vysuvne-boxy-decked-pro-ford-ranger\" data-id=\"4159\" style=\"animation-delay:0.1s\">\r\n\t\t<div class=\"w-grid-item-h\">\r\n\t\t\t\t\t\t\t<a href=\"https:\/\/www.alfavaria.cz\/vestavby\/sk\/uz-mate-novy-ford-ranger-doladte-si-ho-k-dokonalosti\/\" class=\"w-grid-item-anchor\" aria-label=\"U\u017d M\u00c1TE NOV\u00dd FORD RANGER? DOLA\u010eTE SI HO K\u00a0DOKONALOSTI!\"><\/a>\r\n\t\t\t\t\t\t<div class=\"w-vwrapper usg_vwrapper_1 align_none valign_top\" style=\"--vwrapper-gap:0rem\"><div class=\"w-post-elm post_image usg_post_image_1 has_ratio\"><img loading=\"lazy\" decoding=\"async\" width=\"1024\" height=\"768\" src=\"https:\/\/www.alfavaria.cz\/vestavby\/wp-content\/uploads\/2023\/09\/Ford-Ranger_2023-1-1024x768.png\" class=\"attachment-large size-large wp-post-image\" alt=\"\" \/><div style=\"padding-bottom:50%\"><\/div><\/div><div class=\"w-vwrapper usg_vwrapper_2 align_left valign_top\" style=\"--vwrapper-gap:0px\"><h2 class=\"w-post-elm post_title usg_post_title_1 has_text_color entry-title color_link_inherit\">U\u017d M\u00c1TE NOV\u00dd FORD RANGER? DOLA\u010eTE SI HO K\u00a0DOKONALOSTI!<\/h2><div class=\"w-post-elm post_content usg_post_content_1\">Prodej nov\u00e9 generace Fordu Ranger nab\u00edr\u00e1 na obr\u00e1tk\u00e1ch a nad\u00e1le bud\u00ed mezi fanou\u0161ky Fordu i&hellip;<\/div><\/div><\/div>\t\t<\/div>\r\n\t\t\t<\/article>\r\n<\/div><div class=\"g-loadmore hidden\"><div class=\"g-preloader type_1\"><div><\/div><\/div><\/div><div class=\"w-grid-list-json hidden\" onclick='return {&quot;max_num_pages&quot;:1,&quot;paginationBase&quot;:&quot;page&quot;,&quot;pagination&quot;:&quot;load_on_scroll&quot;,&quot;paged&quot;:1,&quot;ajaxData&quot;:{&quot;action&quot;:&quot;us_ajax_post_list&quot;,&quot;meta_type&quot;:&quot;post&quot;,&quot;object_id&quot;:0,&quot;template_vars&quot;:{&quot;shortcode_base&quot;:&quot;us_post_list&quot;,&quot;paged&quot;:1,&quot;max_num_pages&quot;:1,&quot;no_results&quot;:false,&quot;us_post_content_design_css&quot;:[],&quot;found_posts&quot;:8,&quot;per_page&quot;:9,&quot;items_count&quot;:8,&quot;orderby_random_seed&quot;:null,&quot;source&quot;:&quot;all&quot;,&quot;custom_field_name&quot;:&quot;&quot;,&quot;ids&quot;:&quot;&quot;,&quot;post_type&quot;:&quot;post&quot;,&quot;attachment_ids&quot;:null,&quot;include_post_thumbnail&quot;:0,&quot;post_author&quot;:&quot;any&quot;,&quot;post_author_ids&quot;:&quot;&quot;,&quot;apply_url_params&quot;:&quot;1&quot;,&quot;ignore_sticky_posts&quot;:&quot;0&quot;,&quot;exclude_children&quot;:0,&quot;exclude_current_post&quot;:1,&quot;exclude_prev_posts&quot;:0,&quot;exclude_past_events&quot;:&quot;1&quot;,&quot;enable_items_offset&quot;:0,&quot;items_offset&quot;:&quot;1&quot;,&quot;tax_query_relation&quot;:&quot;none&quot;,&quot;tax_query&quot;:[{&quot;operator&quot;:&quot;IN&quot;,&quot;taxonomy&quot;:&quot;category&quot;,&quot;terms&quot;:&quot;&quot;,&quot;include_children&quot;:0}],&quot;meta_query_relation&quot;:&quot;none&quot;,&quot;meta_query&quot;:[{&quot;key&quot;:&quot;custom_field_name&quot;,&quot;compare&quot;:&quot;=&quot;,&quot;value&quot;:&quot;&quot;}],&quot;orderby&quot;:&quot;date&quot;,&quot;orderby_custom_field&quot;:&quot;&quot;,&quot;orderby_custom_type&quot;:0,&quot;order_invert&quot;:&quot;1&quot;,&quot;show_all&quot;:0,&quot;quantity&quot;:&quot;9&quot;,&quot;posts_per_archive_page&quot;:0,&quot;no_items_action&quot;:&quot;message&quot;,&quot;no_items_message&quot;:&quot;Neboli n\\u00e1jden\\u00e9 \\u017eiadne v\\u00fdsledky.&quot;,&quot;no_items_page_block&quot;:&quot;&quot;,&quot;pagination&quot;:&quot;load_on_scroll&quot;,&quot;pagination_style&quot;:&quot;&quot;,&quot;pagination_btn_text&quot;:&quot;Load More&quot;,&quot;pagination_btn_size&quot;:&quot;&quot;,&quot;pagination_btn_style&quot;:&quot;1&quot;,&quot;pagination_btn_fullwidth&quot;:0,&quot;items_layout&quot;:&quot;3493&quot;,&quot;type&quot;:&quot;grid&quot;,&quot;items_valign&quot;:0,&quot;ignore_items_size&quot;:0,&quot;columns&quot;:&quot;3&quot;,&quot;items_gap&quot;:&quot;0.5rem&quot;,&quot;load_animation&quot;:&quot;fade&quot;,&quot;items_preload_style&quot;:&quot;spinner&quot;,&quot;img_size&quot;:&quot;default&quot;,&quot;title_size&quot;:&quot;&quot;,&quot;items_ratio&quot;:&quot;default&quot;,&quot;items_ratio_width&quot;:&quot;21&quot;,&quot;items_ratio_height&quot;:&quot;9&quot;,&quot;overriding_link&quot;:&quot;%7B%22type%22%3A%22post%22%7D&quot;,&quot;popup_page_template&quot;:&quot;0&quot;,&quot;popup_width&quot;:&quot;&quot;,&quot;popup_arrows&quot;:1,&quot;breakpoint_1_width&quot;:&quot;1266px&quot;,&quot;breakpoint_1_cols&quot;:&quot;3&quot;,&quot;breakpoint_1_quantity&quot;:&quot;&quot;,&quot;breakpoint_1_gap&quot;:&quot;&quot;,&quot;breakpoint_2_width&quot;:&quot;1025px&quot;,&quot;breakpoint_2_cols&quot;:&quot;2&quot;,&quot;breakpoint_2_quantity&quot;:&quot;&quot;,&quot;breakpoint_2_gap&quot;:&quot;&quot;,&quot;breakpoint_3_width&quot;:&quot;768px&quot;,&quot;breakpoint_3_cols&quot;:&quot;1&quot;,&quot;breakpoint_3_quantity&quot;:&quot;&quot;,&quot;breakpoint_3_gap&quot;:&quot;&quot;,&quot;conditions_operator&quot;:&quot;always&quot;,&quot;conditions&quot;:[],&quot;css&quot;:null,&quot;el_class&quot;:&quot;gridhp&quot;,&quot;el_id&quot;:&quot;&quot;,&quot;enable_custom_html_atts&quot;:0,&quot;custom_html_atts&quot;:null,&quot;hide_on_states&quot;:&quot;&quot;,&quot;hide_for_sticky&quot;:0,&quot;hide_for_not_sticky&quot;:0,&quot;hide_below&quot;:&quot;0px&quot;,&quot;hide_above&quot;:&quot;0px&quot;,&quot;classes&quot;:&quot; gridhp&quot;},&quot;found_posts&quot;:8,&quot;per_page&quot;:9,&quot;list_filters&quot;:&quot;[]&quot;},&quot;facetedFilter&quot;:{&quot;query_args_unfiltered&quot;:&quot;{\\&quot;ignore_sticky_posts\\&quot;:false,\\&quot;post__not_in\\&quot;:[],\\&quot;tax_query\\&quot;:[],\\&quot;meta_query\\&quot;:[],\\&quot;posts_per_page\\&quot;:9,\\&quot;paged\\&quot;:1,\\&quot;apply_list_url_params\\&quot;:true,\\&quot;post_type\\&quot;:[\\&quot;post\\&quot;],\\&quot;post_status\\&quot;:\\&quot;publish\\&quot;}&quot;}}'><\/div><\/div><div class=\"w-separator size_custom\" style=\"height:4rem\"><\/div><\/div><\/div><\/div><\/div><\/div><\/section>\n","protected":false},"excerpt":{"rendered":"Prodej nov\u00e9 generace Fordu Ranger nab\u00edr\u00e1 na obr\u00e1tk\u00e1ch a nad\u00e1le bud\u00ed mezi fanou\u0161ky Fordu i motoristy velk\u00e9 nad\u0161en\u00ed. Ford Ranger Double Cab se t\u011b\u0161\u00ed zna\u010dn\u00e9 popularit\u011b a je st\u00e1le nejprod\u00e1van\u011bj\u0161\u00edm pick-upem na evropsk\u00e9m trhu. Je sice pravdou, \u017ee mnoz\u00ed z\u00a0v\u00e1s na sv\u016fj v\u016fz st\u00e1le \u010dekaj\u00ed, ale bez ohledu na to, zda se ji\u017e ve sv\u00e9m...","protected":false},"author":4,"featured_media":0,"parent":0,"menu_order":0,"comment_status":"closed","ping_status":"closed","template":"","meta":{"_acf_changed":false,"footnotes":""},"class_list":["post-5957","page","type-page","status-publish","hentry"],"acf":[],"_links":{"self":[{"href":"https:\/\/www.alfavaria.cz\/vestavby\/sk\/wp-json\/wp\/v2\/pages\/5957","targetHints":{"allow":["GET"]}}],"collection":[{"href":"https:\/\/www.alfavaria.cz\/vestavby\/sk\/wp-json\/wp\/v2\/pages"}],"about":[{"href":"https:\/\/www.alfavaria.cz\/vestavby\/sk\/wp-json\/wp\/v2\/types\/page"}],"author":[{"embeddable":true,"href":"https:\/\/www.alfavaria.cz\/vestavby\/sk\/wp-json\/wp\/v2\/users\/4"}],"replies":[{"embeddable":true,"href":"https:\/\/www.alfavaria.cz\/vestavby\/sk\/wp-json\/wp\/v2\/comments?post=5957"}],"version-history":[{"count":0,"href":"https:\/\/www.alfavaria.cz\/vestavby\/sk\/wp-json\/wp\/v2\/pages\/5957\/revisions"}],"wp:attachment":[{"href":"https:\/\/www.alfavaria.cz\/vestavby\/sk\/wp-json\/wp\/v2\/media?parent=5957"}],"curies":[{"name":"wp","href":"https:\/\/api.w.org\/{rel}","templated":true}]}}