{"id":5951,"date":"2021-11-22T14:03:17","date_gmt":"2021-11-22T13:03:17","guid":{"rendered":"https:\/\/alfavaria.cz\/vestavby\/kontakty\/"},"modified":"2025-05-06T14:31:34","modified_gmt":"2025-05-06T12:31:34","slug":"kontakty","status":"publish","type":"page","link":"https:\/\/www.alfavaria.cz\/vestavby\/sk\/kontakty\/","title":{"rendered":"Kontakty"},"content":{"rendered":"<section class=\"l-section wpb_row height_auto color_alternate\"><div class=\"l-section-h i-cf\"><div class=\"g-cols vc_row via_flex valign_top type_default stacking_default\"><div class=\"vc_col-sm-12 wpb_column vc_column_container\"><div class=\"vc_column-inner\"><div class=\"wpb_wrapper\"><section class=\"l-section wpb_row height_auto width_full\"><div class=\"l-section-h i-cf\"><div class=\"g-cols vc_row via_flex valign_top type_default stacking_default\"><div class=\"vc_col-sm-12 wpb_column vc_column_container\"><div class=\"vc_column-inner\"><div class=\"wpb_wrapper\"><div class=\"w-separator size_custom\" style=\"height:0.75rem\"><\/div><nav class=\"g-breadcrumbs us_custom_777c864c has_text_color separator_icon align_left\" itemscope itemtype=\"http:\/\/schema.org\/BreadcrumbList\"><div class=\"g-breadcrumbs-item\" itemscope itemprop=\"itemListElement\" itemtype=\"http:\/\/schema.org\/ListItem\"><a itemprop=\"item\" href=\"https:\/\/www.alfavaria.cz\/vestavby\/sk\/\"><span itemprop=\"name\">Hlavn\u00e1 str\u00e1nka<\/span><\/a><meta itemprop=\"position\" content=\"1\"\/><\/div><div class=\"g-breadcrumbs-separator\"><i class=\"far fa-angle-right\"><\/i><\/div><div class=\"g-breadcrumbs-item\">Str\u00e1nky<\/div><\/nav><div class=\"w-separator size_medium\"><\/div><\/div><\/div><\/div><\/div><\/div><\/section>\n<div class=\"wpb_text_column us_custom_f9c85d9e\"><div class=\"wpb_wrapper\"><h1>Kontakty<\/h1>\n<p>P\u00e1\u010di sa v\u00e1m na\u0161a pr\u00e1ca? Chcete pop\u00fdta\u0165 vstavanie pre va\u0161e vozidlo, alebo si len upresni\u0165 inform\u00e1cie? Spojte sa s nami, sme tu pre v\u00e1s.<\/p>\n<\/div><\/div><div class=\"w-separator size_custom\" style=\"height:3rem\"><\/div><\/div><\/div><\/div><\/div><\/div><\/section><section class=\"l-section wpb_row height_auto\"><div class=\"l-section-h i-cf\"><div class=\"g-cols vc_row via_flex valign_middle type_default stacking_default\"><div class=\"vc_col-sm-12 wpb_column vc_column_container\"><div class=\"vc_column-inner\"><div class=\"wpb_wrapper\"><div class=\"w-separator size_custom\" style=\"height:3rem\"><\/div><\/div><\/div><\/div><div class=\"vc_col-sm-12 vc_col-lg-6 vc_col-md-6 wpb_column vc_column_container\"><div class=\"vc_column-inner\"><div class=\"wpb_wrapper\"><div class=\"wpb_text_column us_custom_a7d95dda has_text_color\"><div class=\"wpb_wrapper\"><p>Telef\u00f3n<\/p>\n<\/div><\/div><div class=\"wpb_text_column us_custom_9e38efc0\"><div class=\"wpb_wrapper\"><p><a style=\"color: #333333;\" href=\"tel:+420602286881\">+420 602 286 881<\/a><\/p>\n<\/div><\/div><div class=\"w-separator size_custom\" style=\"height:1rem\"><\/div><div class=\"wpb_text_column us_custom_206d71a7 has_text_color\"><div class=\"wpb_wrapper\"><p>E-mail<\/p>\n<\/div><\/div><div class=\"wpb_text_column us_custom_bec2d70f has_text_color\"><div class=\"wpb_wrapper\"><p><a style=\"color: #333333;\" href=\"mailto:alfavaria@alfavaria.cz\">alfavaria@alfavaria.cz<\/a><\/p>\n<\/div><\/div><div class=\"w-separator size_custom\" style=\"height:1rem\"><\/div><\/div><\/div><\/div><div class=\"vc_col-sm-12 vc_col-lg-6 vc_col-md-6 wpb_column vc_column_container\"><div class=\"vc_column-inner\"><div class=\"wpb_wrapper\">\n<div class=\"wpcf7 no-js\" id=\"wpcf7-f5-o1\" lang=\"cs-CZ\" dir=\"ltr\" data-wpcf7-id=\"5\">\n<div class=\"screen-reader-response\"><p role=\"status\" aria-live=\"polite\" aria-atomic=\"true\"><\/p> <ul><\/ul><\/div>\n<form action=\"\/vestavby\/sk\/wp-json\/wp\/v2\/pages\/5951#wpcf7-f5-o1\" method=\"post\" class=\"wpcf7-form init\" aria-label=\"Kontaktn\u00ed formul\u00e1\u0159\" novalidate=\"novalidate\" data-status=\"init\">\n<fieldset class=\"hidden-fields-container\"><input type=\"hidden\" name=\"_wpcf7\" value=\"5\" \/><input type=\"hidden\" name=\"_wpcf7_version\" value=\"6.1.5\" \/><input type=\"hidden\" name=\"_wpcf7_locale\" value=\"cs_CZ\" \/><input type=\"hidden\" name=\"_wpcf7_unit_tag\" value=\"wpcf7-f5-o1\" \/><input type=\"hidden\" name=\"_wpcf7_container_post\" value=\"0\" \/><input type=\"hidden\" name=\"_wpcf7_posted_data_hash\" value=\"\" \/><input type=\"hidden\" name=\"_wpcf7cf_hidden_group_fields\" value=\"[]\" \/><input type=\"hidden\" name=\"_wpcf7cf_hidden_groups\" value=\"[]\" \/><input type=\"hidden\" name=\"_wpcf7cf_visible_groups\" value=\"[]\" \/><input type=\"hidden\" name=\"_wpcf7cf_repeaters\" value=\"[]\" \/><input type=\"hidden\" name=\"_wpcf7cf_steps\" value=\"{}\" \/><input type=\"hidden\" name=\"_wpcf7cf_options\" value=\"{&quot;form_id&quot;:5,&quot;conditions&quot;:[],&quot;settings&quot;:{&quot;animation&quot;:&quot;yes&quot;,&quot;animation_intime&quot;:200,&quot;animation_outtime&quot;:200,&quot;conditions_ui&quot;:&quot;normal&quot;,&quot;notice_dismissed&quot;:false,&quot;notice_dismissed_rollback-cf7-5.5.4&quot;:true,&quot;notice_dismissed_rollback-cf7-5.5.6&quot;:true}}\" \/><input type=\"hidden\" name=\"_wpcf7_recaptcha_response\" value=\"\" \/>\n<\/fieldset>\n<div class=\"g-cols type_default flex\">\n\t<div class=\"vc_col-sm-12\" style=\"padding: 0;\">\n\t\t<div class=\"vc_column-inner\">\n\t\t\t<p><span class=\"wpcf7-form-control-wrap\" data-name=\"poznamky\"><textarea cols=\"40\" rows=\"10\" maxlength=\"2000\" class=\"wpcf7-form-control wpcf7-textarea\" aria-invalid=\"false\" placeholder=\"Prostor pro va\u0161i zpr\u00e1vu...\" name=\"poznamky\"><\/textarea><\/span>\n\t\t\t<\/p>\n\t\t<\/div>\n\t<\/div>\n<\/div>\n<div class=\"g-cols type_default flex\">\n\t<div class=\"vc_col-sm-6\" style=\"padding: 0px\";>\n\t\t<div class=\"vc_column-inner first\">\n\t\t\t<p><span class=\"wpcf7-form-control-wrap\" data-name=\"jmeno\"><input size=\"40\" maxlength=\"400\" class=\"wpcf7-form-control wpcf7-text wpcf7-validates-as-required\" aria-required=\"true\" aria-invalid=\"false\" placeholder=\"Va\u0161e jm\u00e9no\" value=\"\" type=\"text\" name=\"jmeno\" \/><\/span>\n\t\t\t<\/p>\n\t\t<\/div>\n\t<\/div>\n\t<div class=\"vc_col-sm-6\" style=\"padding: 0px\";>\n\t\t<div class=\"vc_column-inner last\">\n\t\t\t<p><span class=\"wpcf7-form-control-wrap\" data-name=\"email\"><input size=\"40\" maxlength=\"400\" class=\"wpcf7-form-control wpcf7-email wpcf7-validates-as-required wpcf7-text wpcf7-validates-as-email\" aria-required=\"true\" aria-invalid=\"false\" placeholder=\"v\u00e1\u0161 e-mail\" value=\"\" type=\"email\" name=\"email\" \/><\/span>\n\t\t\t<\/p>\n\t\t<\/div>\n\t<\/div>\n<\/div>\n<div class=\"g-cols type_default flex\">\n\t<div class=\"vc_col-sm-6\" style=\"padding: 0px\";>\n\t\t<div class=\"vc_column-inner first\">\n\t\t\t<p><span class=\"wpcf7-form-control-wrap\" data-name=\"telefon\"><input size=\"40\" maxlength=\"400\" class=\"wpcf7-form-control wpcf7-tel wpcf7-validates-as-required wpcf7-text wpcf7-validates-as-tel\" aria-required=\"true\" aria-invalid=\"false\" placeholder=\"V\u00e1\u0161 telefon\" value=\"\" type=\"tel\" name=\"telefon\" \/><\/span>\n\t\t\t<\/p>\n\t\t<\/div>\n\t<\/div>\n\t<div class=\"vc_col-sm-6\" style=\"padding: 0px\";>\n\t\t<div class=\"vc_column-inner last\">\n\t\t\t<p><input class=\"wpcf7-form-control wpcf7-submit has-spinner\" type=\"submit\" value=\"Odeslat zpr\u00e1vu\" \/>\n\t\t\t<\/p>\n\t\t<\/div>\n\t<\/div>\n<\/div>\n<div class=\"g-cols type_default flex\" style=\"margin-bottom: 6px;\">\n\t<div class=\"vc_col-sm-12\" style=\"padding: 0px;\">\n\t\t<div class=\"vc_column-inner\">\n\t\t\t<p style=\"font-size: 13px; margin: 10px 0px 0px; line-height: 1.4; color: #888; text-align: left;\">Ct\u00edme va\u0161e soukrom\u00ed, p\u0159e\u010dt\u011bte si na\u0161e <a class=\"bp\" href=\"\/gdpr\/\" style=\"color: #222\" class=\"\">Z\u00e1sady ochrany osobn\u00edch \u00fadaj\u016f<\/a>. V\u0161echny kontaktn\u00ed formul\u00e1\u0159e na t\u00e9to internetov\u00e9 str\u00e1nce jsou chr\u00e1n\u011bny slu\u017ebou reCAPTCHA, na kterou se vztahuj\u00ed <a style=\"color:#222;\" href=\"https:\/\/policies.google.com\/privacy\" target=\"_blank\" rel=\"noopener\">Google's Privacy Policy<\/a> a&nbsp;<a style=\"color:#222;\" href=\"https:\/\/policies.google.com\/terms\" target=\"_blank\" rel=\"noopener\">Terms of Service<\/a>.\n\t\t\t<\/p>\n\t\t<\/div>\n\t<\/div>\n<\/div><div class=\"wpcf7-response-output\" aria-hidden=\"true\"><\/div>\n<\/form>\n<\/div>\n<\/div><\/div><\/div><div class=\"vc_col-sm-12 wpb_column vc_column_container\"><div class=\"vc_column-inner\"><div class=\"wpb_wrapper\"><div class=\"w-separator size_custom\" style=\"height:6rem\" id=\"h164\"><style>@media(max-width:1024px){ #h164{height:3rem!important}}@media(max-width:600px){ #h164{height:3rem!important}}<\/style><\/div><\/div><\/div><\/div><\/div><\/div><\/section><section class=\"l-section wpb_row reset height_auto\"><div class=\"l-section-h i-cf\"><div class=\"g-cols vc_row via_flex valign_middle type_default stacking_default\"><div class=\"vc_col-sm-6 vc_col-lg-3 vc_col-md-3 wpb_column vc_column_container\"><div class=\"vc_column-inner\"><div class=\"wpb_wrapper\"><div class=\"wpb_text_column us_custom_3e385ff6 hide_on_default hide_on_laptops hide_on_tablets\"><div class=\"wpb_wrapper\"><h3>Centr\u00e1la Liberec<\/h3>\n<p><strong>Adresa<\/strong><br \/>\nLond\u00fdnsk\u00e1 78<br \/>\n460 01\u2002Liberec<\/p>\n<p><strong>Faktura\u010dn\u00e9 \u00fadaje<\/strong><br \/>\nALFAVARIA Group s. r. o.<br \/>\nPob\u0159e\u017en\u00ed 28<br \/>\n463 31\u2002Chrastava<\/p>\n<p>I\u010cO 25002678, DI\u010c CZ25002678<\/p>\n<\/div><\/div><div class=\"w-separator hide_on_default hide_on_laptops hide_on_tablets size_custom\" style=\"height:0.5rem\"><\/div><div class=\"wpb_text_column us_custom_3fc93cde has_text_color hide_on_default hide_on_laptops hide_on_tablets\"><div class=\"wpb_wrapper\"><p>Spolo\u010dnos\u0165 je zap\u00edsan\u00e1 na Krajskom s\u00fade<br \/>\nv \u00dast\u00ed nad Labem, zlo\u017eka C10715<\/p>\n<\/div><\/div><div class=\"w-separator hide_on_default hide_on_laptops size_custom\" style=\"height:1rem\"><\/div><div class=\"w-image us_custom_a518f36e us_animate_this style_shadow-1 align_none\"><div class=\"w-image-h\"><img decoding=\"async\" width=\"600\" height=\"900\" src=\"https:\/\/www.alfavaria.cz\/vestavby\/wp-content\/uploads\/2021\/12\/alfavaria-servis-main.jpg\" class=\"attachment-large size-large\" alt=\"\" loading=\"lazy\" srcset=\"https:\/\/www.alfavaria.cz\/vestavby\/wp-content\/uploads\/2021\/12\/alfavaria-servis-main.jpg 600w, https:\/\/www.alfavaria.cz\/vestavby\/wp-content\/uploads\/2021\/12\/alfavaria-servis-main-200x300.jpg 200w\" sizes=\"auto, (max-width: 600px) 100vw, 600px\" \/><\/div><\/div><div class=\"w-separator hide_on_default size_custom\" style=\"height:1rem\"><\/div><\/div><\/div><\/div><div class=\"vc_col-sm-6 vc_col-lg-3 vc_col-md-3 wpb_column vc_column_container  hide_on_mobiles\"><div class=\"vc_column-inner us_custom_47474b22 us_animate_this\"><div class=\"wpb_wrapper\"><div class=\"wpb_text_column us_custom_f2d3054a\"><div class=\"wpb_wrapper\"><h3>Centr\u00e1la Liberec<\/h3>\n<p><strong>Adresa<\/strong><br \/>\nLond\u00fdnsk\u00e1 78<br \/>\n460 01\u2002Liberec<\/p>\n<p><strong>Faktura\u010dn\u00ed \u00fadaje<\/strong><br \/>\nALFAVARIA Group s. r. o.<br \/>\nPob\u0159e\u017en\u00ed 28<br \/>\n463 31\u2002Chrastava<\/p>\n<p>I\u010cO 25002678, DI\u010c CZ25002678<\/p>\n<\/div><\/div><div class=\"w-separator size_custom\" style=\"height:0.5rem\"><\/div><div class=\"wpb_text_column us_custom_3fc93cde has_text_color\"><div class=\"wpb_wrapper\"><p>Spolo\u010dnos\u0165 je zap\u00edsan\u00e1 na Krajskom s\u00fade v \u00dast\u00ed nad Labem, zlo\u017eka C10715<\/p>\n<\/div><\/div><div class=\"w-separator hide_on_default hide_on_laptops hide_on_tablets size_custom\" style=\"height:1rem\"><\/div><\/div><\/div><\/div><div class=\"vc_col-sm-12 vc_col-lg-6 vc_col-md-6 wpb_column vc_column_container\"><div class=\"vc_column-inner us_custom_ba870b58 us_animate_this\"><div class=\"wpb_wrapper\"><div class=\"w-html\"><iframe style=\"margin-bottom: -7px;\" src=\"https:\/\/www.google.com\/maps\/embed?pb=!1m14!1m8!1m3!1d10091.28665384637!2d15.0327804!3d50.7788794!3m2!1i1024!2i768!4f13.1!3m3!1m2!1s0x0%3A0xc6b13e2e23ac4ecf!2sALFAVARIA%20Group%20s.%20r.%20o.!5e0!3m2!1scs!2scz!4v1630411720750!5m2!1scs!2scz\" width=\"100%\" height=\"385\" style=\"border:0;\" allowfullscreen=\"\" loading=\"lazy\"><\/iframe><\/div><div class=\"w-separator hide_on_default hide_on_laptops hide_on_tablets size_custom\" style=\"height:1.5rem\"><\/div><\/div><\/div><\/div><\/div><\/div><\/section><section class=\"l-section wpb_row reset height_auto\"><div class=\"l-section-h i-cf\"><div class=\"g-cols vc_row via_flex valign_middle type_default stacking_default\"><div class=\"vc_col-sm-12 wpb_column vc_column_container\"><div class=\"vc_column-inner\"><div class=\"wpb_wrapper\"><div class=\"w-separator size_custom with_line width_default thick_2 style_solid color_border align_left\" style=\"height:5rem\" id=\"m7d5\"><style>@media(max-width:1024px){ #m7d5{height:3rem!important}}@media(max-width:600px){ #m7d5{height:3rem!important}}<\/style><div class=\"w-separator-h\"><\/div><\/div><\/div><\/div><\/div><div class=\"vc_col-sm-6 vc_col-lg-3 vc_col-md-3 wpb_column vc_column_container\"><div class=\"vc_column-inner\"><div class=\"wpb_wrapper\"><div class=\"wpb_text_column us_custom_3e385ff6 hide_on_default hide_on_laptops hide_on_tablets\"><div class=\"wpb_wrapper\"><h3>Mont\u00e1\u017ene stredisko<\/h3>\n<p><strong>Adresa<\/strong><br \/>\nPob\u0159e\u017en\u00ed 28<br \/>\n463 31\u2002Chrastava<\/p>\n<\/div><\/div><div class=\"w-separator hide_on_default hide_on_laptops hide_on_tablets size_custom\" style=\"height:1rem\"><\/div><div class=\"w-image us_custom_a518f36e us_animate_this style_shadow-1 align_none\"><div class=\"w-image-h\"><img decoding=\"async\" width=\"600\" height=\"600\" src=\"https:\/\/www.alfavaria.cz\/vestavby\/wp-content\/uploads\/2025\/05\/alfavaria-car-chrastava-sq-2.webp\" class=\"attachment-full size-full\" alt=\"\" loading=\"lazy\" srcset=\"https:\/\/www.alfavaria.cz\/vestavby\/wp-content\/uploads\/2025\/05\/alfavaria-car-chrastava-sq-2.webp 600w, https:\/\/www.alfavaria.cz\/vestavby\/wp-content\/uploads\/2025\/05\/alfavaria-car-chrastava-sq-2-300x300.webp 300w, https:\/\/www.alfavaria.cz\/vestavby\/wp-content\/uploads\/2025\/05\/alfavaria-car-chrastava-sq-2-150x150.webp 150w\" sizes=\"auto, (max-width: 600px) 100vw, 600px\" \/><\/div><\/div><div class=\"w-separator hide_on_default size_custom\" style=\"height:1rem\"><\/div><\/div><\/div><\/div><div class=\"vc_col-sm-6 vc_col-lg-3 vc_col-md-3 wpb_column vc_column_container  hide_on_mobiles\"><div class=\"vc_column-inner us_custom_47474b22 us_animate_this\"><div class=\"wpb_wrapper\"><div class=\"wpb_text_column us_custom_3e385ff6\"><div class=\"wpb_wrapper\"><h3>Mont\u00e1\u017ene stredisko<\/h3>\n<p><strong>Adresa<\/strong><br \/>\nPob\u0159e\u017en\u00ed 28<br \/>\n463 31\u2002Chrastava<\/p>\n<\/div><\/div><div class=\"w-separator hide_on_default hide_on_laptops hide_on_tablets size_custom\" style=\"height:1rem\"><\/div><\/div><\/div><\/div><div class=\"vc_col-sm-12 vc_col-lg-6 vc_col-md-6 wpb_column vc_column_container\"><div class=\"vc_column-inner us_custom_ba870b58 us_animate_this\"><div class=\"wpb_wrapper\"><div class=\"w-html\"><iframe style=\"margin-bottom: -7px;\" src=\"https:\/\/www.google.com\/maps\/embed?pb=!1m18!1m12!1m3!1d2520.8169023730693!2d14.951736615744712!3d50.816030979527426!2m3!1f0!2f0!3f0!3m2!1i1024!2i768!4f13.1!3m3!1m2!1s0x47093a0fe389e6cd%3A0xbc58dc36aa61a6a9!2zUG9ixZllxb5uw60gMjgsIDQ2MyAzMSBDaHJhc3RhdmE!5e0!3m2!1scs!2scz!4v1639643713130!5m2!1scs!2scz\" width=\"100%\" height=\"256px\" style=\"border:0;\" allowfullscreen=\"\" loading=\"lazy\"><\/iframe><\/div><\/div><\/div><\/div><div class=\"vc_col-sm-12 wpb_column vc_column_container\"><div class=\"vc_column-inner\"><div class=\"wpb_wrapper\"><div class=\"w-separator size_custom\" style=\"height:5rem\"><\/div><\/div><\/div><\/div><\/div><\/div><\/section>\n","protected":false},"excerpt":{"rendered":"Hlavn\u00e1 str\u00e1nkaStr\u00e1nky Kontakty P\u00e1\u010di sa v\u00e1m na\u0161a pr\u00e1ca? Chcete pop\u00fdta\u0165 vstavanie pre va\u0161e vozidlo, alebo si len upresni\u0165 inform\u00e1cie? Spojte sa s nami, sme tu pre v\u00e1s. Telef\u00f3n +420 602 286 881 E-mail alfavaria@alfavaria.cz Ct\u00edme va\u0161e soukrom\u00ed, p\u0159e\u010dt\u011bte si na\u0161e Z\u00e1sady ochrany osobn\u00edch \u00fadaj\u016f. V\u0161echny kontaktn\u00ed formul\u00e1\u0159e na t\u00e9to internetov\u00e9 str\u00e1nce jsou chr\u00e1n\u011bny slu\u017ebou reCAPTCHA,...","protected":false},"author":4,"featured_media":0,"parent":0,"menu_order":1,"comment_status":"closed","ping_status":"closed","template":"","meta":{"_acf_changed":false,"footnotes":""},"class_list":["post-5951","page","type-page","status-publish","hentry"],"acf":[],"_links":{"self":[{"href":"https:\/\/www.alfavaria.cz\/vestavby\/sk\/wp-json\/wp\/v2\/pages\/5951","targetHints":{"allow":["GET"]}}],"collection":[{"href":"https:\/\/www.alfavaria.cz\/vestavby\/sk\/wp-json\/wp\/v2\/pages"}],"about":[{"href":"https:\/\/www.alfavaria.cz\/vestavby\/sk\/wp-json\/wp\/v2\/types\/page"}],"author":[{"embeddable":true,"href":"https:\/\/www.alfavaria.cz\/vestavby\/sk\/wp-json\/wp\/v2\/users\/4"}],"replies":[{"embeddable":true,"href":"https:\/\/www.alfavaria.cz\/vestavby\/sk\/wp-json\/wp\/v2\/comments?post=5951"}],"version-history":[{"count":0,"href":"https:\/\/www.alfavaria.cz\/vestavby\/sk\/wp-json\/wp\/v2\/pages\/5951\/revisions"}],"wp:attachment":[{"href":"https:\/\/www.alfavaria.cz\/vestavby\/sk\/wp-json\/wp\/v2\/media?parent=5951"}],"curies":[{"name":"wp","href":"https:\/\/api.w.org\/{rel}","templated":true}]}}