{"id":2723,"date":"2021-11-22T14:03:17","date_gmt":"2021-11-22T13:03:17","guid":{"rendered":"https:\/\/alfavaria.cz\/vestavby\/kontakty\/"},"modified":"2025-05-06T14:31:18","modified_gmt":"2025-05-06T12:31:18","slug":"contacts","status":"publish","type":"page","link":"https:\/\/www.alfavaria.cz\/vestavby\/en\/contacts\/","title":{"rendered":"Contacts"},"content":{"rendered":"<section class=\"l-section wpb_row height_auto color_alternate\"><div class=\"l-section-h i-cf\"><div class=\"g-cols vc_row via_flex valign_top type_default stacking_default\"><div class=\"vc_col-sm-12 wpb_column vc_column_container\"><div class=\"vc_column-inner\"><div class=\"wpb_wrapper\"><section class=\"l-section wpb_row height_auto width_full\"><div class=\"l-section-h i-cf\"><div class=\"g-cols vc_row via_flex valign_top type_default stacking_default\"><div class=\"vc_col-sm-12 wpb_column vc_column_container\"><div class=\"vc_column-inner\"><div class=\"wpb_wrapper\"><div class=\"w-separator size_custom\" style=\"height:0.75rem\"><\/div><nav class=\"g-breadcrumbs us_custom_777c864c has_text_color separator_icon align_left\" itemscope itemtype=\"http:\/\/schema.org\/BreadcrumbList\"><div class=\"g-breadcrumbs-item\" itemscope itemprop=\"itemListElement\" itemtype=\"http:\/\/schema.org\/ListItem\"><a itemprop=\"item\" href=\"https:\/\/www.alfavaria.cz\/vestavby\/en\/\"><span itemprop=\"name\">Main page<\/span><\/a><meta itemprop=\"position\" content=\"1\"\/><\/div><div class=\"g-breadcrumbs-separator\"><i class=\"far fa-angle-right\"><\/i><\/div><div class=\"g-breadcrumbs-item\">Pages<\/div><\/nav><div class=\"w-separator size_medium\"><\/div><\/div><\/div><\/div><\/div><\/div><\/section>\n<div class=\"wpb_text_column us_custom_f9c85d9e\"><div class=\"wpb_wrapper\"><h1>Contacts<\/h1>\n<p>Do you like our work? Do you want to request an installation for your car or just clarify the information? Get in touch with us, we are here for you.<\/p>\n<\/div><\/div><div class=\"w-separator size_custom\" style=\"height:3rem\"><\/div><\/div><\/div><\/div><\/div><\/div><\/section><section class=\"l-section wpb_row height_auto\"><div class=\"l-section-h i-cf\"><div class=\"g-cols vc_row via_flex valign_middle type_default stacking_default\"><div class=\"vc_col-sm-12 wpb_column vc_column_container\"><div class=\"vc_column-inner\"><div class=\"wpb_wrapper\"><div class=\"w-separator size_custom\" style=\"height:3rem\"><\/div><\/div><\/div><\/div><div class=\"vc_col-sm-12 vc_col-lg-6 vc_col-md-6 wpb_column vc_column_container\"><div class=\"vc_column-inner\"><div class=\"wpb_wrapper\"><div class=\"wpb_text_column us_custom_a7d95dda has_text_color\"><div class=\"wpb_wrapper\"><p>Phone<\/p>\n<\/div><\/div><div class=\"wpb_text_column us_custom_9e38efc0\"><div class=\"wpb_wrapper\"><p><a style=\"color: #333333;\" href=\"tel:+420602286881\">+420 602 286 881<\/a><\/p>\n<\/div><\/div><div class=\"w-separator size_custom\" style=\"height:1rem\"><\/div><div class=\"wpb_text_column us_custom_729d863d has_text_color\"><div class=\"wpb_wrapper\"><p>E-mail<\/p>\n<\/div><\/div><div class=\"wpb_text_column us_custom_6eeb41fb has_text_color\"><div class=\"wpb_wrapper\"><p><a style=\"color: #475157;\" href=\"mailto:alfavaria@alfavaria.cz\">alfavaria@alfavaria.cz<\/a><\/p>\n<\/div><\/div><div class=\"w-separator size_custom\" style=\"height:1rem\"><\/div><\/div><\/div><\/div><div class=\"vc_col-sm-12 vc_col-lg-6 vc_col-md-6 wpb_column vc_column_container\"><div class=\"vc_column-inner\"><div class=\"wpb_wrapper\">\n<div class=\"wpcf7 no-js\" id=\"wpcf7-f2704-o1\" lang=\"cs-CZ\" dir=\"ltr\" data-wpcf7-id=\"2704\">\n<div class=\"screen-reader-response\"><p role=\"status\" aria-live=\"polite\" aria-atomic=\"true\"><\/p> <ul><\/ul><\/div>\n<form action=\"\/vestavby\/en\/wp-json\/wp\/v2\/pages\/2723#wpcf7-f2704-o1\" method=\"post\" class=\"wpcf7-form init\" aria-label=\"Kontaktn\u00ed formul\u00e1\u0159\" novalidate=\"novalidate\" data-status=\"init\">\n<fieldset class=\"hidden-fields-container\"><input type=\"hidden\" name=\"_wpcf7\" value=\"2704\" \/><input type=\"hidden\" name=\"_wpcf7_version\" value=\"6.1.5\" \/><input type=\"hidden\" name=\"_wpcf7_locale\" value=\"cs_CZ\" \/><input type=\"hidden\" name=\"_wpcf7_unit_tag\" value=\"wpcf7-f2704-o1\" \/><input type=\"hidden\" name=\"_wpcf7_container_post\" value=\"0\" \/><input type=\"hidden\" name=\"_wpcf7_posted_data_hash\" value=\"\" \/><input type=\"hidden\" name=\"_wpcf7cf_hidden_group_fields\" value=\"[]\" \/><input type=\"hidden\" name=\"_wpcf7cf_hidden_groups\" value=\"[]\" \/><input type=\"hidden\" name=\"_wpcf7cf_visible_groups\" value=\"[]\" \/><input type=\"hidden\" name=\"_wpcf7cf_repeaters\" value=\"[]\" \/><input type=\"hidden\" name=\"_wpcf7cf_steps\" value=\"{}\" \/><input type=\"hidden\" name=\"_wpcf7cf_options\" value=\"{&quot;form_id&quot;:2704,&quot;conditions&quot;:[],&quot;settings&quot;:{&quot;animation&quot;:&quot;yes&quot;,&quot;animation_intime&quot;:200,&quot;animation_outtime&quot;:200,&quot;conditions_ui&quot;:&quot;normal&quot;,&quot;notice_dismissed&quot;:false,&quot;notice_dismissed_rollback-cf7-5.5.4&quot;:true,&quot;notice_dismissed_rollback-cf7-5.5.6&quot;:true}}\" \/><input type=\"hidden\" name=\"_wpcf7_recaptcha_response\" value=\"\" \/>\n<\/fieldset>\n<div class=\"g-cols type_default flex\">\n\t<div class=\"vc_col-sm-12\" style=\"padding: 0;\">\n\t\t<div class=\"vc_column-inner\">\n\t\t\t<p><span class=\"wpcf7-form-control-wrap\" data-name=\"poznamky\"><textarea cols=\"40\" rows=\"10\" maxlength=\"2000\" class=\"wpcf7-form-control wpcf7-textarea\" aria-invalid=\"false\" placeholder=\"Space for your message...\" name=\"poznamky\"><\/textarea><\/span>\n\t\t\t<\/p>\n\t\t<\/div>\n\t<\/div>\n<\/div>\n<div class=\"g-cols type_default flex\">\n\t<div class=\"vc_col-sm-6\" style=\"padding: 0px\";>\n\t\t<div class=\"vc_column-inner first\">\n\t\t\t<p><span class=\"wpcf7-form-control-wrap\" data-name=\"jmeno\"><input size=\"40\" maxlength=\"400\" class=\"wpcf7-form-control wpcf7-text wpcf7-validates-as-required\" aria-required=\"true\" aria-invalid=\"false\" placeholder=\"Your name\" value=\"\" type=\"text\" name=\"jmeno\" \/><\/span>\n\t\t\t<\/p>\n\t\t<\/div>\n\t<\/div>\n\t<div class=\"vc_col-sm-6\" style=\"padding: 0px\";>\n\t\t<div class=\"vc_column-inner last\">\n\t\t\t<p><span class=\"wpcf7-form-control-wrap\" data-name=\"email\"><input size=\"40\" maxlength=\"400\" class=\"wpcf7-form-control wpcf7-email wpcf7-validates-as-required wpcf7-text wpcf7-validates-as-email\" aria-required=\"true\" aria-invalid=\"false\" placeholder=\"Your e-mail\" value=\"\" type=\"email\" name=\"email\" \/><\/span>\n\t\t\t<\/p>\n\t\t<\/div>\n\t<\/div>\n<\/div>\n<div class=\"g-cols type_default flex\">\n\t<div class=\"vc_col-sm-6\" style=\"padding: 0px\";>\n\t\t<div class=\"vc_column-inner first\">\n\t\t\t<p><span class=\"wpcf7-form-control-wrap\" data-name=\"telefon\"><input size=\"40\" maxlength=\"400\" class=\"wpcf7-form-control wpcf7-tel wpcf7-validates-as-required wpcf7-text wpcf7-validates-as-tel\" aria-required=\"true\" aria-invalid=\"false\" placeholder=\"Your phone\" value=\"\" type=\"tel\" name=\"telefon\" \/><\/span>\n\t\t\t<\/p>\n\t\t<\/div>\n\t<\/div>\n\t<div class=\"vc_col-sm-6\" style=\"padding: 0px\";>\n\t\t<div class=\"vc_column-inner last\">\n\t\t\t<p><input class=\"wpcf7-form-control wpcf7-submit has-spinner\" type=\"submit\" value=\"Send message\" \/>\n\t\t\t<\/p>\n\t\t<\/div>\n\t<\/div>\n<\/div>\n<div class=\"g-cols type_default flex\" style=\"margin-bottom: 6px;\">\n\t<div class=\"vc_col-sm-12\" style=\"padding: 0px;\">\n\t\t<div class=\"vc_column-inner\">\n\t\t\t<p style=\"font-size: 11px; margin: 10px 0px 0px; line-height: 1.3; color: #b5b5b5; text-align: left;\">We value your privacy, please read our <a class=\"bp\" href=\"\/gdpr\/\" style=\"color: #dc1c2e\" class=\"\">Privacy Policy<\/a>. All contact forms on this website are protected by reCAPTCHA, which is subject to <a style=\"color:#a2a2a2;\" href=\"https:\/\/policies.google.com\/privacy\" target=\"_blank\" rel=\"noopener\">Google's Privacy Policy<\/a> and&nbsp;<a style=\"color:#a2a2a2;\" href=\"https:\/\/policies.google.com\/terms\" target=\"_blank\" rel=\"noopener\">Terms of Service<\/a>.\n\t\t\t<\/p>\n\t\t<\/div>\n\t<\/div>\n<\/div><div class=\"wpcf7-response-output\" aria-hidden=\"true\"><\/div>\n<\/form>\n<\/div>\n<\/div><\/div><\/div><div class=\"vc_col-sm-12 wpb_column vc_column_container\"><div class=\"vc_column-inner\"><div class=\"wpb_wrapper\"><div class=\"w-separator size_custom\" style=\"height:6rem\" id=\"laea\"><style>@media(max-width:1024px){ #laea{height:3rem!important}}@media(max-width:600px){ #laea{height:3rem!important}}<\/style><\/div><\/div><\/div><\/div><\/div><\/div><\/section><section class=\"l-section wpb_row reset height_auto\"><div class=\"l-section-h i-cf\"><div class=\"g-cols vc_row via_flex valign_middle type_default stacking_default\"><div class=\"vc_col-sm-6 vc_col-lg-3 vc_col-md-3 wpb_column vc_column_container\"><div class=\"vc_column-inner\"><div class=\"wpb_wrapper\"><div class=\"wpb_text_column us_custom_3e385ff6 hide_on_default hide_on_laptops hide_on_tablets\"><div class=\"wpb_wrapper\"><h3>Headquarters Liberec<\/h3>\n<p><strong>Address<\/strong><br \/>\nLond\u00fdnsk\u00e1 78<br \/>\n460 01\u2002Liberec<\/p>\n<p><strong>Billing information<\/strong><br \/>\nALFAVARIA Group s. r. o.<br \/>\nPob\u0159e\u017en\u00ed 28<br \/>\n463 31\u2002Chrastava<\/p>\n<p>ID 25002678, VAT CZ25002678<\/p>\n<\/div><\/div><div class=\"w-separator hide_on_default hide_on_laptops hide_on_tablets size_custom\" style=\"height:0.5rem\"><\/div><div class=\"wpb_text_column us_custom_3fc93cde has_text_color hide_on_default hide_on_laptops hide_on_tablets\"><div class=\"wpb_wrapper\"><p>The company is registered at the Regional<br \/>\nCourt in \u00dast\u00ed nad Labem, folder C10715<\/p>\n<\/div><\/div><div class=\"w-separator hide_on_default hide_on_laptops size_custom\" style=\"height:1rem\"><\/div><div class=\"w-image us_custom_a518f36e us_animate_this style_shadow-1 align_none\"><div class=\"w-image-h\"><img decoding=\"async\" width=\"600\" height=\"900\" src=\"https:\/\/www.alfavaria.cz\/vestavby\/wp-content\/uploads\/2021\/12\/alfavaria-servis-main.jpg\" class=\"attachment-large size-large\" alt=\"\" loading=\"lazy\" srcset=\"https:\/\/www.alfavaria.cz\/vestavby\/wp-content\/uploads\/2021\/12\/alfavaria-servis-main.jpg 600w, https:\/\/www.alfavaria.cz\/vestavby\/wp-content\/uploads\/2021\/12\/alfavaria-servis-main-200x300.jpg 200w\" sizes=\"auto, (max-width: 600px) 100vw, 600px\" \/><\/div><\/div><div class=\"w-separator hide_on_default size_custom\" style=\"height:1rem\"><\/div><\/div><\/div><\/div><div class=\"vc_col-sm-6 vc_col-lg-3 vc_col-md-3 wpb_column vc_column_container  hide_on_mobiles\"><div class=\"vc_column-inner us_custom_47474b22 us_animate_this\"><div class=\"wpb_wrapper\"><div class=\"wpb_text_column us_custom_3e385ff6\"><div class=\"wpb_wrapper\"><h3>Headquarters Liberec<\/h3>\n<p><strong>Address<\/strong><br \/>\nLond\u00fdnsk\u00e1 78<br \/>\n460 01\u2002Liberec<\/p>\n<p><strong>Billing information<\/strong><br \/>\nALFAVARIA Group s. r. o.<br \/>\nPob\u0159e\u017en\u00ed 28<br \/>\n463 31\u2002Chrastava<\/p>\n<p>ID 25002678, VAT CZ25002678<\/p>\n<\/div><\/div><div class=\"w-separator size_custom\" style=\"height:0.5rem\"><\/div><div class=\"wpb_text_column us_custom_3fc93cde has_text_color\"><div class=\"wpb_wrapper\"><p>The company is registered at the Regional Court in \u00dast\u00ed nad Labem, folder C10715<\/p>\n<\/div><\/div><div class=\"w-separator hide_on_default hide_on_laptops hide_on_tablets size_custom\" style=\"height:1rem\"><\/div><\/div><\/div><\/div><div class=\"vc_col-sm-12 vc_col-lg-6 vc_col-md-6 wpb_column vc_column_container\"><div class=\"vc_column-inner us_custom_ba870b58 us_animate_this\"><div class=\"wpb_wrapper\"><div class=\"w-html\"><iframe style=\"margin-bottom: -7px;\" src=\"https:\/\/www.google.com\/maps\/embed?pb=!1m14!1m8!1m3!1d10091.28665384637!2d15.0327804!3d50.7788794!3m2!1i1024!2i768!4f13.1!3m3!1m2!1s0x0%3A0xc6b13e2e23ac4ecf!2sALFAVARIA%20Group%20s.%20r.%20o.!5e0!3m2!1scs!2scz!4v1630411720750!5m2!1scs!2scz\" width=\"100%\" height=\"385\" style=\"border:0;\" allowfullscreen=\"\" loading=\"lazy\"><\/iframe><\/div><div class=\"w-separator hide_on_default hide_on_laptops hide_on_tablets size_custom\" style=\"height:1.5rem\"><\/div><\/div><\/div><\/div><\/div><\/div><\/section><section class=\"l-section wpb_row reset height_auto\"><div class=\"l-section-h i-cf\"><div class=\"g-cols vc_row via_flex valign_middle type_default stacking_default\"><div class=\"vc_col-sm-12 wpb_column vc_column_container\"><div class=\"vc_column-inner\"><div class=\"wpb_wrapper\"><div class=\"w-separator size_custom with_line width_default thick_2 style_solid color_border align_left\" style=\"height:5rem\" id=\"ubf0\"><style>@media(max-width:1024px){ #ubf0{height:3rem!important}}@media(max-width:600px){ #ubf0{height:3rem!important}}<\/style><div class=\"w-separator-h\"><\/div><\/div><\/div><\/div><\/div><div class=\"vc_col-sm-6 vc_col-lg-3 vc_col-md-3 wpb_column vc_column_container\"><div class=\"vc_column-inner\"><div class=\"wpb_wrapper\"><div class=\"wpb_text_column us_custom_3e385ff6 hide_on_default hide_on_laptops hide_on_tablets\"><div class=\"wpb_wrapper\"><h3>Assembly center<\/h3>\n<p><strong>Address<\/strong><br \/>\nPob\u0159e\u017en\u00ed 28<br \/>\n463 31\u2002Chrastava<\/p>\n<\/div><\/div><div class=\"w-separator hide_on_default hide_on_laptops hide_on_tablets size_custom\" style=\"height:1rem\"><\/div><div class=\"w-image us_custom_a518f36e us_animate_this style_shadow-1 align_none\"><div class=\"w-image-h\"><img decoding=\"async\" width=\"600\" height=\"600\" src=\"https:\/\/www.alfavaria.cz\/vestavby\/wp-content\/uploads\/2025\/05\/alfavaria-car-chrastava-sq-2.webp\" class=\"attachment-full size-full\" alt=\"\" loading=\"lazy\" srcset=\"https:\/\/www.alfavaria.cz\/vestavby\/wp-content\/uploads\/2025\/05\/alfavaria-car-chrastava-sq-2.webp 600w, https:\/\/www.alfavaria.cz\/vestavby\/wp-content\/uploads\/2025\/05\/alfavaria-car-chrastava-sq-2-300x300.webp 300w, https:\/\/www.alfavaria.cz\/vestavby\/wp-content\/uploads\/2025\/05\/alfavaria-car-chrastava-sq-2-150x150.webp 150w\" sizes=\"auto, (max-width: 600px) 100vw, 600px\" \/><\/div><\/div><div class=\"w-separator hide_on_default size_custom\" style=\"height:1rem\"><\/div><\/div><\/div><\/div><div class=\"vc_col-sm-6 vc_col-lg-3 vc_col-md-3 wpb_column vc_column_container  hide_on_mobiles\"><div class=\"vc_column-inner us_custom_47474b22 us_animate_this\"><div class=\"wpb_wrapper\"><div class=\"wpb_text_column us_custom_3e385ff6\"><div class=\"wpb_wrapper\"><h3>Assembly center<\/h3>\n<p><strong>Address<\/strong><br \/>\nPob\u0159e\u017en\u00ed 28<br \/>\n463 31\u2002Chrastava<\/p>\n<\/div><\/div><div class=\"w-separator hide_on_default hide_on_laptops hide_on_tablets size_custom\" style=\"height:1rem\"><\/div><\/div><\/div><\/div><div class=\"vc_col-sm-12 vc_col-lg-6 vc_col-md-6 wpb_column vc_column_container\"><div class=\"vc_column-inner us_custom_ba870b58 us_animate_this\"><div class=\"wpb_wrapper\"><div class=\"w-html\"><iframe style=\"margin-bottom: -7px;\" src=\"https:\/\/www.google.com\/maps\/embed?pb=!1m18!1m12!1m3!1d2520.8169023730693!2d14.951736615744712!3d50.816030979527426!2m3!1f0!2f0!3f0!3m2!1i1024!2i768!4f13.1!3m3!1m2!1s0x47093a0fe389e6cd%3A0xbc58dc36aa61a6a9!2zUG9ixZllxb5uw60gMjgsIDQ2MyAzMSBDaHJhc3RhdmE!5e0!3m2!1scs!2scz!4v1639643713130!5m2!1scs!2scz\" width=\"100%\" height=\"256px\" style=\"border:0;\" allowfullscreen=\"\" loading=\"lazy\"><\/iframe><\/div><\/div><\/div><\/div><div class=\"vc_col-sm-12 wpb_column vc_column_container\"><div class=\"vc_column-inner\"><div class=\"wpb_wrapper\"><div class=\"w-separator size_custom\" style=\"height:5rem\"><\/div><\/div><\/div><\/div><\/div><\/div><\/section>\n","protected":false},"excerpt":{"rendered":"Main pagePages Contacts Do you like our work? Do you want to request an installation for your car or just clarify the information? Get in touch with us, we are here for you. Phone +420 602 286 881 E-mail alfavaria@alfavaria.cz We value your privacy, please read our Privacy Policy. All contact forms on this website...","protected":false},"author":4,"featured_media":0,"parent":0,"menu_order":1,"comment_status":"closed","ping_status":"closed","template":"","meta":{"_acf_changed":false,"footnotes":""},"class_list":["post-2723","page","type-page","status-publish","hentry"],"acf":[],"_links":{"self":[{"href":"https:\/\/www.alfavaria.cz\/vestavby\/en\/wp-json\/wp\/v2\/pages\/2723","targetHints":{"allow":["GET"]}}],"collection":[{"href":"https:\/\/www.alfavaria.cz\/vestavby\/en\/wp-json\/wp\/v2\/pages"}],"about":[{"href":"https:\/\/www.alfavaria.cz\/vestavby\/en\/wp-json\/wp\/v2\/types\/page"}],"author":[{"embeddable":true,"href":"https:\/\/www.alfavaria.cz\/vestavby\/en\/wp-json\/wp\/v2\/users\/4"}],"replies":[{"embeddable":true,"href":"https:\/\/www.alfavaria.cz\/vestavby\/en\/wp-json\/wp\/v2\/comments?post=2723"}],"version-history":[{"count":0,"href":"https:\/\/www.alfavaria.cz\/vestavby\/en\/wp-json\/wp\/v2\/pages\/2723\/revisions"}],"wp:attachment":[{"href":"https:\/\/www.alfavaria.cz\/vestavby\/en\/wp-json\/wp\/v2\/media?parent=2723"}],"curies":[{"name":"wp","href":"https:\/\/api.w.org\/{rel}","templated":true}]}}